{"id":957,"date":"2022-11-14T14:39:48","date_gmt":"2022-11-14T13:39:48","guid":{"rendered":"https:\/\/zustellpartner.dpu.rocks\/?page_id=957"},"modified":"2024-10-24T13:32:51","modified_gmt":"2024-10-24T11:32:51","slug":"domaca-stran","status":"publish","type":"page","link":"https:\/\/www.zustellpartner.at\/sl\/","title":{"rendered":"Doma\u010da stran"},"content":{"rendered":"<p><\/p>\n\n\n\n<div class=\"wp-block-columns is-layout-flex wp-container-core-columns-is-layout-9d6595d7 wp-block-columns-is-layout-flex\">\n<div class=\"wp-block-column is-layout-flow wp-block-column-is-layout-flow\">\n<h2 class=\"wp-block-heading has-text-align-center\">Razna\u0161alec \u010dasopisov \u2013 za koga je to delo pravo?<\/h2>\n<\/div>\n<\/div>\n\n\n\n<div class=\"wp-block-columns is-layout-flex wp-container-core-columns-is-layout-9d6595d7 wp-block-columns-is-layout-flex\">\n<div class=\"wp-block-column is-layout-flow wp-block-column-is-layout-flow\" style=\"flex-basis:10%\"><\/div>\n\n\n\n<div class=\"wp-block-column is-layout-flow wp-block-column-is-layout-flow\" style=\"flex-basis:80%\">\n<div class=\"wp-block-columns is-layout-flex wp-container-core-columns-is-layout-9d6595d7 wp-block-columns-is-layout-flex\">\n<div class=\"wp-block-column is-layout-flow wp-block-column-is-layout-flow\">\n<ul class=\"wp-block-list\">\n<li>Aktivni upokojenci, ki \u017eelijo izbolj\u0161ati svojo pokojnino.<\/li>\n\n\n\n<li>\u0160tudenti, ki i\u0161\u010dejo donosen dodaten zaslu\u017eek.<\/li>\n\n\n\n<li>Iskalci zaposlitve, ki se \u017eelijo vrniti na delo.<\/li>\n<\/ul>\n<\/div>\n\n\n\n<div class=\"wp-block-column is-layout-flow wp-block-column-is-layout-flow\">\n<ul class=\"wp-block-list\">\n<li>Jutranji ljudje, ki so zgodaj aktivni.<\/li>\n\n\n\n<li>Kdor \u017eeli zaslu\u017eiti s samostojnim podjetnikom.<\/li>\n<\/ul>\n<\/div>\n<\/div>\n\n\n\n<p class=\"has-text-align-center\">Ni potrebno posebno usposabljanje ali poglobljeno znanje nem\u0161\u010dine<\/p>\n<\/div>\n\n\n\n<div class=\"wp-block-column is-layout-flow wp-block-column-is-layout-flow\" style=\"flex-basis:10%\"><\/div>\n<\/div>\n\n\n<section id=\"section-3-1219\" class=\"ct-section\" ><div class=\"ct-section-inner-wrap\"><a id=\"link_button-2-1219\" class=\"ct-link-button zpButton\" href=\"https:\/\/www.zustellpartner.at\/offene-jobs\/\"   >Kliknite tukaj za na\u0161a prosta delovna mesta<\/a><\/div><\/section>\n\n\n<div class=\"wp-block-columns is-layout-flex wp-container-core-columns-is-layout-9d6595d7 wp-block-columns-is-layout-flex\">\n<div class=\"wp-block-column is-vertically-aligned-center is-layout-flow wp-block-column-is-layout-flow\"><div class=\"wp-block-image\">\n<figure class=\"aligncenter size-full\"><img loading=\"lazy\" decoding=\"async\" width=\"250\" height=\"198\" src=\"https:\/\/zustellpartner.at\/wp-content\/uploads\/2022\/11\/Was250.jpg\" alt=\"\" class=\"wp-image-1000\" srcset=\"https:\/\/www.zustellpartner.at\/wp-content\/uploads\/2022\/11\/Was250.jpg 250w, https:\/\/www.zustellpartner.at\/wp-content\/uploads\/2022\/11\/Was250-15x12.jpg 15w\" sizes=\"auto, (max-width: 250px) 100vw, 250px\" \/><\/figure>\n<\/div>\n\n\n<p class=\"has-text-align-center guten-font-xl\">Kaj?<\/p>\n\n\n\n<p class=\"has-text-align-center\">Kot dostavljalec \u010dasopisov dostavljate dnevne \u010dasopise in druge tiskane izdelke na va\u0161 prag.<\/p>\n<\/div>\n\n\n\n<div class=\"wp-block-column is-vertically-aligned-center is-layout-flow wp-block-column-is-layout-flow\"><div class=\"wp-block-image\">\n<figure class=\"aligncenter size-full\"><img loading=\"lazy\" decoding=\"async\" width=\"250\" height=\"198\" src=\"https:\/\/zustellpartner.at\/wp-content\/uploads\/2022\/11\/Wo250.jpg\" alt=\"\" class=\"wp-image-999\" srcset=\"https:\/\/www.zustellpartner.at\/wp-content\/uploads\/2022\/11\/Wo250.jpg 250w, https:\/\/www.zustellpartner.at\/wp-content\/uploads\/2022\/11\/Wo250-15x12.jpg 15w\" sizes=\"auto, (max-width: 250px) 100vw, 250px\" \/><\/figure>\n<\/div>\n\n\n<p class=\"has-text-align-center guten-font-xl\">Kje?<\/p>\n\n\n\n<p class=\"has-text-align-center\">\u0160tajersko, Korut\u00e1nsko, V\u00fdchodn\u00e9 Tirolsko<\/p>\n<\/div>\n\n\n\n<div class=\"wp-block-column is-vertically-aligned-center is-layout-flow wp-block-column-is-layout-flow\"><div class=\"wp-block-image\">\n<figure class=\"aligncenter size-full\"><img loading=\"lazy\" decoding=\"async\" width=\"250\" height=\"198\" src=\"https:\/\/zustellpartner.at\/wp-content\/uploads\/2022\/11\/Wann250.jpg\" alt=\"\" class=\"wp-image-998\" srcset=\"https:\/\/www.zustellpartner.at\/wp-content\/uploads\/2022\/11\/Wann250.jpg 250w, https:\/\/www.zustellpartner.at\/wp-content\/uploads\/2022\/11\/Wann250-15x12.jpg 15w\" sizes=\"auto, (max-width: 250px) 100vw, 250px\" \/><\/figure>\n<\/div>\n\n\n<p class=\"has-text-align-center guten-font-xl\">Kdaj?<\/p>\n\n\n\n<p class=\"has-text-align-center\">V zgodnjih jutranjih urah.<\/p>\n<\/div>\n<\/div>\n\n\n<section id=\"section-3-1219\" class=\"ct-section\" ><div class=\"ct-section-inner-wrap\"><a id=\"link_button-2-1219\" class=\"ct-link-button zpButton\" href=\"https:\/\/www.zustellpartner.at\/sl\/kaj-ponujamo\/\"   >Tukaj boste na\u0161li svoje prednosti kot dostavni partner<\/a><\/div><\/section>","protected":false},"excerpt":{"rendered":"<p>Zeitungszusteller:in \u2013 f\u00fcr wen ist dieser Job richtig? Keine spezielle Ausbildung oder vertiefende Deutschkenntnisse erforderlich Was? Als Zeitungszusteller stellen Sie Tageszeitungen und andere Printprodukte vor die Haust\u00fcre zu. Wo? Steiermark, K\u00e4rnten und Ost-Tirol. Wann? In den fr\u00fchen Morgenstunden.<\/p>","protected":false},"author":8,"featured_media":0,"parent":0,"menu_order":0,"comment_status":"closed","ping_status":"closed","template":"","meta":{"_acf_changed":false,"footnotes":""},"class_list":["post-957","page","type-page","status-publish","hentry"],"acf":[],"_links":{"self":[{"href":"https:\/\/www.zustellpartner.at\/sl\/wp-json\/wp\/v2\/pages\/957","targetHints":{"allow":["GET"]}}],"collection":[{"href":"https:\/\/www.zustellpartner.at\/sl\/wp-json\/wp\/v2\/pages"}],"about":[{"href":"https:\/\/www.zustellpartner.at\/sl\/wp-json\/wp\/v2\/types\/page"}],"author":[{"embeddable":true,"href":"https:\/\/www.zustellpartner.at\/sl\/wp-json\/wp\/v2\/users\/8"}],"replies":[{"embeddable":true,"href":"https:\/\/www.zustellpartner.at\/sl\/wp-json\/wp\/v2\/comments?post=957"}],"version-history":[{"count":19,"href":"https:\/\/www.zustellpartner.at\/sl\/wp-json\/wp\/v2\/pages\/957\/revisions"}],"predecessor-version":[{"id":2141,"href":"https:\/\/www.zustellpartner.at\/sl\/wp-json\/wp\/v2\/pages\/957\/revisions\/2141"}],"wp:attachment":[{"href":"https:\/\/www.zustellpartner.at\/sl\/wp-json\/wp\/v2\/media?parent=957"}],"curies":[{"name":"wp","href":"https:\/\/api.w.org\/{rel}","templated":true}]}}