{"id":1035,"date":"2022-11-15T15:48:15","date_gmt":"2022-11-15T14:48:15","guid":{"rendered":"https:\/\/zustellpartner.dpu.rocks\/?page_id=1035"},"modified":"2024-11-27T16:00:45","modified_gmt":"2024-11-27T15:00:45","slug":"odtis","status":"publish","type":"page","link":"https:\/\/www.zustellpartner.at\/sl\/impressum\/","title":{"rendered":"odtis"},"content":{"rendered":"<p>Informacije in razkritje s strani Medienbote HZ GmbH v skladu s 5. \u010dlenom Zakona o elektronskem poslovanju (BGBl I 2001\/152 s spremembami) ter 24. in 25. \u010dlenom Zakona o medijih (BGBl 314\/1981 s spremembami) ter 14. \u010dlenom poslovni kodeks (BGBl I 2005\/120 s spremembami) <\/p>\n\n\n\n<div style=\"height:25px\" aria-hidden=\"true\" class=\"wp-block-spacer\"><\/div>\n\n\n\n<h2 class=\"wp-block-heading\">Lastnik podjetja ali medija:<\/h2>\n\n\n\n<div class=\"mb-4 grid gap-4 lg:grid-cols-2\"><div class=\"rounded-lg border p-4\"><p>Medienbote HZ GmbH<\/p><p>Gadollaplatz 1<\/p><p>8010 <!-- -->Gradec<!-- --><\/p><p>telefon<!-- -->:<!-- --> <!-- --><a href=\"tel:+43517950\" class=\"text-zp_blue_primary hover:text-zp_violet\">+43 (0)5 1754 0<\/a><\/p><p>E-naslov<!-- -->:<!-- --> <!-- --><a href=\"mailto:office@medienbote.at\" class=\"text-zp_blue_primary hover:text-zp_violet\">office@medienbote.at<\/a><\/p><div class=\"mt-4 grid grid-cols-2 gap-1\"><p>Poslovni predmet<!-- -->:<!-- --><\/p><p>Storitve prodaje in dostave<\/p><p>Registrska \u0161tevilka podjetja<!-- -->:<!-- --><\/p><p>FN 616335 a<\/p><p>Sodi\u0161\u010de za gospodarski register<!-- -->:<!-- --><\/p><p>De\u017eelno sodi\u0161\u010de za ZRS Gradec<\/p><p>Trgovski organ<!-- -->:<!-- --><\/p><p>gra\u0161ki magistrat<\/p><p>\u010clanstvo v zbornici<!-- -->:<!-- --><\/p><p>Gospodarska zbornica<\/p><p>UID \u0161tevilka<!-- -->:<!-- --><\/p><p>ATU80109106<\/p><p>Veljavni predpisi<!-- -->:<!-- --><\/p><p>avstrijski Trgovinski predpisi<!-- --> <!-- --><a rel=\"nofollow noreferrer noopener\" href=\"https:\/\/www.ris.bka.gv.at\" target=\"_blank\" class=\"text-zp_blue_primary hover:text-zp_violet\">(www.ris.bka.gv.at)<\/a><\/p><\/div><\/div><\/div>\n\n\n\n<div style=\"height:25px\" aria-hidden=\"true\" class=\"wp-block-spacer\"><\/div>\n\n\n\n<p><strong><a href=\"http:\/\/www.zustellpartner.at\/sl\/\">www.zustellpartner.at<\/a><\/strong>&nbsp;ist ein Angebot der Medienbote HZ GmbH<\/p>\n\n\n\n<div style=\"height:25px\" aria-hidden=\"true\" class=\"wp-block-spacer\"><\/div>\n\n\n\n<p><strong>Opomba za uporabnike:<\/strong><\/p>\n\n\n\n<p>Celotna vsebina tega spletnega mesta (besedilo, fotografije, grafika, videi itd.) je avtorsko za\u0161\u010ditena in je namenjena izklju\u010dno osebni uporabi pri uporabi tega spletnega mesta. Prepovedana je kakr\u0161na koli nadaljnja uporaba vsebine ali njenih delov, zlasti shranjevanje v baze podatkov, objava, reprodukcija, predelava in kakr\u0161na koli oblika komercialne uporabe ter posredovanje tretjim osebam. Nastavitev hiperpovezav do te spletne strani je dobrodo\u0161la. Prepovedana pa je integracija posameznih strani ali drugih delov te spletne strani (npr. besedila, fotografije, grafike, videi itd.) v zunanje okvire.<\/p>\n\n\n\n<p>To spletno mesto uporablja Google Analytics, storitev spletne analize podjetja Google Inc. (v nadaljevanju: Google). Google Analytics uporablja tako imenovane \u00bbpi\u0161kotke\u00ab, besedilne datoteke, ki se shranijo na va\u0161em ra\u010dunalniku in omogo\u010dajo analizo va\u0161e uporabe te spletne strani. Podatki, ki jih ustvarijo pi\u0161kotki o va\u0161i uporabi te spletne strani, vklju\u010dno z va\u0161im naslovom IP, se prenesejo na Googlov stre\u017enik v ZDA in tam shranijo. Google bo te podatke uporabil za oceno va\u0161e uporabe tega spletnega mesta, za zbiranje poro\u010dil o dejavnosti spletnega mesta za upravljavce spletnega mesta in za zagotavljanje drugih storitev, povezanih z dejavnostjo spletnega mesta in uporabo interneta. Google lahko te podatke posreduje tudi tretjim osebam, \u010de to zahteva zakon ali \u010de tretje osebe te podatke obdelujejo v imenu Googla. Google pod nobenim pogojem ne bo povezal va\u0161ega naslova IP z drugimi podatki, ki jih hrani Google. Namestitev pi\u0161kotkov lahko prepre\u010dite tako, da ustrezno nastavite programsko opremo brskalnika; Vendar \u017eelimo poudariti, da v tem primeru morda ne boste mogli v celoti uporabljati vseh funkcij te spletne strani. Z uporabo te spletne strani se strinjate z obdelavo podatkov, ki jih o vas zbira Google, na na\u010din in za zgoraj opisani namen.<\/p>\n\n\n\n<p><br><strong>Avtorske fotografije:<\/strong><\/p>\n\n\n\n<ul class=\"wp-block-list\">\n<li>Gettyimages\/1354479686<\/li>\n\n\n\n<li>Gettyimages\/1340870667<\/li>\n\n\n\n<li>Gettyimages\/1296726620<\/li>\n\n\n\n<li>Gettyimages\/1212693058<\/li>\n\n\n\n<li>Gettyimages\/1180089745<\/li>\n\n\n\n<li>Gettyimages\/1174454416<\/li>\n\n\n\n<li>Gettyimages\/1084236108<\/li>\n\n\n\n<li>Gettyimages\/921506886<\/li>\n<\/ul>","protected":false},"excerpt":{"rendered":"<p>Information und Offenlegung der Medienbote HZ GmbH gem\u00e4\u00df \u00a7 5 E-Commerce-Gesetz (BGBl I 2001\/152 idgF) und \u00a7 24 und \u00a7 25 Mediengesetz (BGBl 314\/1981 idgF) sowie \u00a7 14 Unternehmensgesetzbuch (BGBl I 2005\/120 idgF) Firma bzw. Medieninhaber: Medienbote HZ GmbH Gadollaplatz 1 8010 Graz Telefon: +43 (0)5 1754 0 E-Mail: office@medienbote.at Unternehmensgegenstand: Erbringung von Vertriebs- und [&hellip;]<\/p>\n","protected":false},"author":8,"featured_media":0,"parent":0,"menu_order":0,"comment_status":"closed","ping_status":"closed","template":"","meta":{"_acf_changed":false,"footnotes":""},"class_list":["post-1035","page","type-page","status-publish","hentry"],"acf":[],"_links":{"self":[{"href":"https:\/\/www.zustellpartner.at\/sl\/wp-json\/wp\/v2\/pages\/1035","targetHints":{"allow":["GET"]}}],"collection":[{"href":"https:\/\/www.zustellpartner.at\/sl\/wp-json\/wp\/v2\/pages"}],"about":[{"href":"https:\/\/www.zustellpartner.at\/sl\/wp-json\/wp\/v2\/types\/page"}],"author":[{"embeddable":true,"href":"https:\/\/www.zustellpartner.at\/sl\/wp-json\/wp\/v2\/users\/8"}],"replies":[{"embeddable":true,"href":"https:\/\/www.zustellpartner.at\/sl\/wp-json\/wp\/v2\/comments?post=1035"}],"version-history":[{"count":16,"href":"https:\/\/www.zustellpartner.at\/sl\/wp-json\/wp\/v2\/pages\/1035\/revisions"}],"predecessor-version":[{"id":2165,"href":"https:\/\/www.zustellpartner.at\/sl\/wp-json\/wp\/v2\/pages\/1035\/revisions\/2165"}],"wp:attachment":[{"href":"https:\/\/www.zustellpartner.at\/sl\/wp-json\/wp\/v2\/media?parent=1035"}],"curies":[{"name":"wp","href":"https:\/\/api.w.org\/{rel}","templated":true}]}}