{"id":1032,"date":"2022-11-15T15:47:25","date_gmt":"2022-11-15T14:47:25","guid":{"rendered":"https:\/\/zustellpartner.dpu.rocks\/?page_id=1032"},"modified":"2025-06-26T13:08:01","modified_gmt":"2025-06-26T11:08:01","slug":"kontakt","status":"publish","type":"page","link":"https:\/\/www.zustellpartner.at\/sl\/kontakt\/","title":{"rendered":"Kontakt"},"content":{"rendered":"<p>Imate vpra\u0161anja o zustellpartner.at ali o delu kot dostavni partner?<\/p>\n\n\n\n<p>Pi\u0161ite nam ali nas pokli\u010dite, z veseljem vam bomo odgovorili na va\u0161a vpra\u0161anja!<\/p>\n\n\n\n<p>telefon:\u00a0<a href=\"tel:+43517951795\">+43 (0)5 1795 1795<\/a> oz <a href=\"tel:+43517951795\" data-type=\"tel\" data-id=\"tel:+43517951795\">+43 (0)664 78075911<\/a><\/p>\n\n\n\n<p>E-naslov:&nbsp;<a href=\"mailto:anfrage@zustellpartner.at\">anfrage@zustellpartner.at<\/a><\/p>\n\n\n\n<p><\/p>","protected":false},"excerpt":{"rendered":"<p>Sie haben Fragen zu zustellpartner.at oder zur T\u00e4tigkeit als Zustellpartner? Schreiben Sie uns oder rufen Sie uns an, wir beantworten sehr gerne Ihre Fragen! Telefon:\u00a0+43 (0)5 1795 1795 oder +43 (0)664 78075911 E-Mail:&nbsp;anfrage@zustellpartner.at<\/p>","protected":false},"author":8,"featured_media":0,"parent":0,"menu_order":0,"comment_status":"closed","ping_status":"closed","template":"","meta":{"_acf_changed":false,"footnotes":""},"class_list":["post-1032","page","type-page","status-publish","hentry"],"acf":[],"_links":{"self":[{"href":"https:\/\/www.zustellpartner.at\/sl\/wp-json\/wp\/v2\/pages\/1032","targetHints":{"allow":["GET"]}}],"collection":[{"href":"https:\/\/www.zustellpartner.at\/sl\/wp-json\/wp\/v2\/pages"}],"about":[{"href":"https:\/\/www.zustellpartner.at\/sl\/wp-json\/wp\/v2\/types\/page"}],"author":[{"embeddable":true,"href":"https:\/\/www.zustellpartner.at\/sl\/wp-json\/wp\/v2\/users\/8"}],"replies":[{"embeddable":true,"href":"https:\/\/www.zustellpartner.at\/sl\/wp-json\/wp\/v2\/comments?post=1032"}],"version-history":[{"count":1,"href":"https:\/\/www.zustellpartner.at\/sl\/wp-json\/wp\/v2\/pages\/1032\/revisions"}],"predecessor-version":[{"id":2176,"href":"https:\/\/www.zustellpartner.at\/sl\/wp-json\/wp\/v2\/pages\/1032\/revisions\/2176"}],"wp:attachment":[{"href":"https:\/\/www.zustellpartner.at\/sl\/wp-json\/wp\/v2\/media?parent=1032"}],"curies":[{"name":"wp","href":"https:\/\/api.w.org\/{rel}","templated":true}]}}