{"id":957,"date":"2022-11-14T14:39:48","date_gmt":"2022-11-14T13:39:48","guid":{"rendered":"https:\/\/zustellpartner.dpu.rocks\/?page_id=957"},"modified":"2024-10-24T13:32:51","modified_gmt":"2024-10-24T11:32:51","slug":"domovska-stranka","status":"publish","type":"page","link":"https:\/\/www.zustellpartner.at\/sk\/","title":{"rendered":"Domovsk\u00e1 str\u00e1nka"},"content":{"rendered":"<p><\/p>\n\n\n\n<div class=\"wp-block-columns is-layout-flex wp-container-core-columns-is-layout-9d6595d7 wp-block-columns-is-layout-flex\">\n<div class=\"wp-block-column is-layout-flow wp-block-column-is-layout-flow\">\n<h2 class=\"wp-block-heading has-text-align-center\">Doru\u010dovate\u013e nov\u00edn \u2013 pre koho je t\u00e1to pr\u00e1ca ur\u010den\u00e1?<\/h2>\n<\/div>\n<\/div>\n\n\n\n<div class=\"wp-block-columns is-layout-flex wp-container-core-columns-is-layout-9d6595d7 wp-block-columns-is-layout-flex\">\n<div class=\"wp-block-column is-layout-flow wp-block-column-is-layout-flow\" style=\"flex-basis:10%\"><\/div>\n\n\n\n<div class=\"wp-block-column is-layout-flow wp-block-column-is-layout-flow\" style=\"flex-basis:80%\">\n<div class=\"wp-block-columns is-layout-flex wp-container-core-columns-is-layout-9d6595d7 wp-block-columns-is-layout-flex\">\n<div class=\"wp-block-column is-layout-flow wp-block-column-is-layout-flow\">\n<ul class=\"wp-block-list\">\n<li>Akt\u00edvni d\u00f4chodcovia, ktor\u00ed si chc\u00fa prilep\u0161i\u0165 k d\u00f4chodku.<\/li>\n\n\n\n<li>\u0160tudenti, ktor\u00ed h\u013eadaj\u00fa ved\u013eaj\u0161\u00ed lukrat\u00edvny pr\u00edjem.<\/li>\n\n\n\n<li>Uch\u00e1dza\u010di o pr\u00e1cu, ktor\u00ed sa chc\u00fa vr\u00e1ti\u0165 do pr\u00e1ce.<\/li>\n<\/ul>\n<\/div>\n\n\n\n<div class=\"wp-block-column is-layout-flow wp-block-column-is-layout-flow\">\n<ul class=\"wp-block-list\">\n<li>Rann\u00ed \u013eudia, ktor\u00ed s\u00fa akt\u00edvni skoro.<\/li>\n\n\n\n<li>Ka\u017ed\u00fd, kto si chce privyrobi\u0165 brig\u00e1dou \u017eivnostn\u00edka.<\/li>\n<\/ul>\n<\/div>\n<\/div>\n\n\n\n<p class=\"has-text-align-center\">Nevy\u017eaduje sa \u017eiadne \u0161peci\u00e1lne \u0161kolenie ani hlbok\u00e1 znalos\u0165 nem\u010diny<\/p>\n<\/div>\n\n\n\n<div class=\"wp-block-column is-layout-flow wp-block-column-is-layout-flow\" style=\"flex-basis:10%\"><\/div>\n<\/div>\n\n\n<section id=\"section-3-1219\" class=\"ct-section\" ><div class=\"ct-section-inner-wrap\"><a id=\"link_button-2-1219\" class=\"ct-link-button zpButton\" href=\"https:\/\/www.zustellpartner.at\/offene-jobs\/\"   >Tu n\u00e1jdete na\u0161e vo\u013en\u00e9 pracovn\u00e9 miesta<\/a><\/div><\/section>\n\n\n<div class=\"wp-block-columns is-layout-flex wp-container-core-columns-is-layout-9d6595d7 wp-block-columns-is-layout-flex\">\n<div class=\"wp-block-column is-vertically-aligned-center is-layout-flow wp-block-column-is-layout-flow\"><div class=\"wp-block-image\">\n<figure class=\"aligncenter size-full\"><img loading=\"lazy\" decoding=\"async\" width=\"250\" height=\"198\" src=\"https:\/\/zustellpartner.at\/wp-content\/uploads\/2022\/11\/Was250.jpg\" alt=\"\" class=\"wp-image-1000\" srcset=\"https:\/\/www.zustellpartner.at\/wp-content\/uploads\/2022\/11\/Was250.jpg 250w, https:\/\/www.zustellpartner.at\/wp-content\/uploads\/2022\/11\/Was250-15x12.jpg 15w\" sizes=\"auto, (max-width: 250px) 100vw, 250px\" \/><\/figure>\n<\/div>\n\n\n<p class=\"has-text-align-center guten-font-xl\">\u010co?<\/p>\n\n\n\n<p class=\"has-text-align-center\">Ako doru\u010dovate\u013e nov\u00edn doru\u010dujete denn\u00fa tla\u010d a in\u00e9 tla\u010dov\u00e9 produkty a\u017e k predn\u00fdm dver\u00e1m.<\/p>\n<\/div>\n\n\n\n<div class=\"wp-block-column is-vertically-aligned-center is-layout-flow wp-block-column-is-layout-flow\"><div class=\"wp-block-image\">\n<figure class=\"aligncenter size-full\"><img loading=\"lazy\" decoding=\"async\" width=\"250\" height=\"198\" src=\"https:\/\/zustellpartner.at\/wp-content\/uploads\/2022\/11\/Wo250.jpg\" alt=\"\" class=\"wp-image-999\" srcset=\"https:\/\/www.zustellpartner.at\/wp-content\/uploads\/2022\/11\/Wo250.jpg 250w, https:\/\/www.zustellpartner.at\/wp-content\/uploads\/2022\/11\/Wo250-15x12.jpg 15w\" sizes=\"auto, (max-width: 250px) 100vw, 250px\" \/><\/figure>\n<\/div>\n\n\n<p class=\"has-text-align-center guten-font-xl\">Kde?<\/p>\n\n\n\n<p class=\"has-text-align-center\">\u0160tajersko, Korut\u00e1nsko, V\u00fdchodn\u00e9 Tirolsko<\/p>\n<\/div>\n\n\n\n<div class=\"wp-block-column is-vertically-aligned-center is-layout-flow wp-block-column-is-layout-flow\"><div class=\"wp-block-image\">\n<figure class=\"aligncenter size-full\"><img loading=\"lazy\" decoding=\"async\" width=\"250\" height=\"198\" src=\"https:\/\/zustellpartner.at\/wp-content\/uploads\/2022\/11\/Wann250.jpg\" alt=\"\" class=\"wp-image-998\" srcset=\"https:\/\/www.zustellpartner.at\/wp-content\/uploads\/2022\/11\/Wann250.jpg 250w, https:\/\/www.zustellpartner.at\/wp-content\/uploads\/2022\/11\/Wann250-15x12.jpg 15w\" sizes=\"auto, (max-width: 250px) 100vw, 250px\" \/><\/figure>\n<\/div>\n\n\n<p class=\"has-text-align-center guten-font-xl\">Kedy?<\/p>\n\n\n\n<p class=\"has-text-align-center\">V skor\u00fdch rann\u00fdch hodin\u00e1ch.<\/p>\n<\/div>\n<\/div>\n\n\n<section id=\"section-3-1219\" class=\"ct-section\" ><div class=\"ct-section-inner-wrap\"><a id=\"link_button-2-1219\" class=\"ct-link-button zpButton\" href=\"https:\/\/www.zustellpartner.at\/sk\/co-ponukame\/\"   >Tu n\u00e1jdete svoje v\u00fdhody ako dod\u00e1vate\u013ea<\/a><\/div><\/section>","protected":false},"excerpt":{"rendered":"<p>Zeitungszusteller:in \u2013 f\u00fcr wen ist dieser Job richtig? Keine spezielle Ausbildung oder vertiefende Deutschkenntnisse erforderlich Was? Als Zeitungszusteller stellen Sie Tageszeitungen und andere Printprodukte vor die Haust\u00fcre zu. Wo? Steiermark, K\u00e4rnten und Ost-Tirol. Wann? In den fr\u00fchen Morgenstunden.<\/p>","protected":false},"author":8,"featured_media":0,"parent":0,"menu_order":0,"comment_status":"closed","ping_status":"closed","template":"","meta":{"_acf_changed":false,"footnotes":""},"class_list":["post-957","page","type-page","status-publish","hentry"],"acf":[],"_links":{"self":[{"href":"https:\/\/www.zustellpartner.at\/sk\/wp-json\/wp\/v2\/pages\/957","targetHints":{"allow":["GET"]}}],"collection":[{"href":"https:\/\/www.zustellpartner.at\/sk\/wp-json\/wp\/v2\/pages"}],"about":[{"href":"https:\/\/www.zustellpartner.at\/sk\/wp-json\/wp\/v2\/types\/page"}],"author":[{"embeddable":true,"href":"https:\/\/www.zustellpartner.at\/sk\/wp-json\/wp\/v2\/users\/8"}],"replies":[{"embeddable":true,"href":"https:\/\/www.zustellpartner.at\/sk\/wp-json\/wp\/v2\/comments?post=957"}],"version-history":[{"count":19,"href":"https:\/\/www.zustellpartner.at\/sk\/wp-json\/wp\/v2\/pages\/957\/revisions"}],"predecessor-version":[{"id":2141,"href":"https:\/\/www.zustellpartner.at\/sk\/wp-json\/wp\/v2\/pages\/957\/revisions\/2141"}],"wp:attachment":[{"href":"https:\/\/www.zustellpartner.at\/sk\/wp-json\/wp\/v2\/media?parent=957"}],"curies":[{"name":"wp","href":"https:\/\/api.w.org\/{rel}","templated":true}]}}