{"id":946,"date":"2022-11-14T14:21:11","date_gmt":"2022-11-14T13:21:11","guid":{"rendered":"https:\/\/zustellpartner.dpu.rocks\/?page_id=946"},"modified":"2024-10-24T13:31:30","modified_gmt":"2024-10-24T11:31:30","slug":"kto-sme","status":"publish","type":"page","link":"https:\/\/www.zustellpartner.at\/sk\/wer-sind-wir\/","title":{"rendered":"Zastupujeme 2 200 doru\u010dovac\u00edch partnerov"},"content":{"rendered":"<div class=\"wp-block-group alignfull is-vertical is-content-justification-center is-layout-flex wp-container-core-group-is-layout-4b2eccd6 wp-block-group-is-layout-flex\">\n<p><strong>zustellpartner.at<\/strong>&nbsp;je platforma&nbsp;<strong>Medienbote HZ GmbH<\/strong>&nbsp;zustellpartner.at je platforma pre ka\u017ed\u00e9ho, kto ako doru\u010dovate\u013e nov\u00edn h\u013ead\u00e1 flexibiln\u00fa pr\u00e1cu na \u010diasto\u010dn\u00fd \u00fav\u00e4zok mimo be\u017en\u00e9ho pracovn\u00e9ho \u010dasu.<\/p>\n\n\n\n<div class=\"wp-block-group is-content-justification-center is-nowrap is-layout-flex wp-container-core-group-is-layout-94bc23d7 wp-block-group-is-layout-flex\">\n<div class=\"wp-block-columns are-vertically-aligned-center is-layout-flex wp-container-core-columns-is-layout-9d6595d7 wp-block-columns-is-layout-flex\">\n<div class=\"wp-block-column is-vertically-aligned-center is-layout-flow wp-block-column-is-layout-flow\" style=\"flex-basis:70%\"><div class=\"wp-block-image\">\n<figure class=\"aligncenter size-full\"><img loading=\"lazy\" decoding=\"async\" width=\"451\" height=\"350\" src=\"https:\/\/zustellpartner.at\/wp-content\/uploads\/2024\/06\/ZP_Organigramm_2024_ohne-WNB-1.png\" alt=\"Diagram der Unternehmen Media Print, Redmail, Accura und Medienbote\" class=\"wp-image-2083\" srcset=\"https:\/\/www.zustellpartner.at\/wp-content\/uploads\/2024\/06\/ZP_Organigramm_2024_ohne-WNB-1.png 451w, https:\/\/www.zustellpartner.at\/wp-content\/uploads\/2024\/06\/ZP_Organigramm_2024_ohne-WNB-1-300x233.png 300w, https:\/\/www.zustellpartner.at\/wp-content\/uploads\/2024\/06\/ZP_Organigramm_2024_ohne-WNB-1-15x12.png 15w\" sizes=\"auto, (max-width: 451px) 100vw, 451px\" \/><\/figure>\n<\/div><\/div>\n\n\n\n<div class=\"wp-block-column is-vertically-aligned-center is-layout-flow wp-block-column-is-layout-flow\">\n<p><strong>Die Medienbote HZ GmbH<\/strong><\/p>\n\n\n\n<p>zabezpe\u010duje distrib\u00faciu dennej tla\u010de a in\u00fdch tla\u010dov\u00fdch produktov vo Viedni, Dolnom Rak\u00fasku, Burgenlande, \u0160tajersku a Korut\u00e1nsku.<\/p>\n<\/div>\n<\/div>\n<\/div>\n<\/div>\n\n\n\n<div class=\"wp-block-group is-vertical is-content-justification-left is-layout-flex wp-container-core-group-is-layout-c0ca7d81 wp-block-group-is-layout-flex\">\n<p><\/p>\n\n\n\n<p><\/p>\n\n\n\n<h2 class=\"wp-block-heading\">Kto n\u00e1m u\u017e ver\u00ed<\/h2>\n\n\n\n<div class=\"wp-block-columns are-vertically-aligned-center is-layout-flex wp-container-core-columns-is-layout-9d6595d7 wp-block-columns-is-layout-flex\">\n<div class=\"wp-block-column is-vertically-aligned-center is-layout-flow wp-block-column-is-layout-flow\" style=\"flex-basis:25%\"><div class=\"wp-block-image\">\n<figure class=\"aligncenter size-full\"><img loading=\"lazy\" decoding=\"async\" width=\"118\" height=\"63\" src=\"https:\/\/zustellpartner.at\/wp-content\/uploads\/2023\/07\/kleine-zeitung.png\" alt=\"Kleine Zeitung Logo\" class=\"wp-image-1727\" srcset=\"https:\/\/www.zustellpartner.at\/wp-content\/uploads\/2023\/07\/kleine-zeitung.png 118w, https:\/\/www.zustellpartner.at\/wp-content\/uploads\/2023\/07\/kleine-zeitung-18x10.png 18w\" sizes=\"auto, (max-width: 118px) 100vw, 118px\" \/><\/figure>\n<\/div><\/div>\n\n\n\n<div class=\"wp-block-column is-vertically-aligned-center is-layout-flow wp-block-column-is-layout-flow\" style=\"flex-basis:25%\"><div class=\"wp-block-image\">\n<figure class=\"aligncenter size-full\"><img loading=\"lazy\" decoding=\"async\" width=\"182\" height=\"45\" src=\"https:\/\/zustellpartner.at\/wp-content\/uploads\/2023\/07\/die-presse.png\" alt=\"Die Presse Logo\" class=\"wp-image-1728\" srcset=\"https:\/\/www.zustellpartner.at\/wp-content\/uploads\/2023\/07\/die-presse.png 182w, https:\/\/www.zustellpartner.at\/wp-content\/uploads\/2023\/07\/die-presse-18x4.png 18w\" sizes=\"auto, (max-width: 182px) 100vw, 182px\" \/><\/figure>\n<\/div><\/div>\n\n\n\n<div class=\"wp-block-column is-vertically-aligned-center is-layout-flow wp-block-column-is-layout-flow\" style=\"flex-basis:25%\"><div class=\"wp-block-image\">\n<figure class=\"aligncenter size-full\"><img loading=\"lazy\" decoding=\"async\" width=\"281\" height=\"45\" src=\"https:\/\/zustellpartner.at\/wp-content\/uploads\/2024\/08\/neu_DER_STANDARD_schwarz_rgb.png\" alt=\"DER STANDARD Logo\" class=\"wp-image-2119\" srcset=\"https:\/\/www.zustellpartner.at\/wp-content\/uploads\/2024\/08\/neu_DER_STANDARD_schwarz_rgb.png 281w, https:\/\/www.zustellpartner.at\/wp-content\/uploads\/2024\/08\/neu_DER_STANDARD_schwarz_rgb-18x3.png 18w\" sizes=\"auto, (max-width: 281px) 100vw, 281px\" \/><\/figure>\n<\/div><\/div>\n\n\n\n<div class=\"wp-block-column is-vertically-aligned-center is-layout-flow wp-block-column-is-layout-flow\" style=\"flex-basis:25%\"><div class=\"wp-block-image\">\n<figure class=\"aligncenter size-full\"><img loading=\"lazy\" decoding=\"async\" width=\"127\" height=\"40\" src=\"https:\/\/zustellpartner.at\/wp-content\/uploads\/2023\/07\/falter.png\" alt=\"FALTER Logo\" class=\"wp-image-1730\" srcset=\"https:\/\/www.zustellpartner.at\/wp-content\/uploads\/2023\/07\/falter.png 127w, https:\/\/www.zustellpartner.at\/wp-content\/uploads\/2023\/07\/falter-18x6.png 18w\" sizes=\"auto, (max-width: 127px) 100vw, 127px\" \/><\/figure>\n<\/div><\/div>\n<\/div>\n\n\n\n<div style=\"height:0px\" aria-hidden=\"true\" class=\"wp-block-spacer wp-container-content-7a8412fc\"><\/div>\n\n\n\n<div class=\"wp-block-columns are-vertically-aligned-center is-layout-flex wp-container-core-columns-is-layout-9d6595d7 wp-block-columns-is-layout-flex\">\n<div class=\"wp-block-column is-vertically-aligned-center is-layout-flow wp-block-column-is-layout-flow\" style=\"flex-basis:25%\"><div class=\"wp-block-image\">\n<figure class=\"aligncenter size-full\"><img loading=\"lazy\" decoding=\"async\" width=\"186\" height=\"34\" src=\"https:\/\/zustellpartner.at\/wp-content\/uploads\/2023\/07\/Logo_Furche.png\" alt=\"Die Furche Logo\" class=\"wp-image-1731\" srcset=\"https:\/\/www.zustellpartner.at\/wp-content\/uploads\/2023\/07\/Logo_Furche.png 186w, https:\/\/www.zustellpartner.at\/wp-content\/uploads\/2023\/07\/Logo_Furche-18x3.png 18w\" sizes=\"auto, (max-width: 186px) 100vw, 186px\" \/><\/figure>\n<\/div><\/div>\n\n\n\n<div class=\"wp-block-column is-vertically-aligned-center is-layout-flow wp-block-column-is-layout-flow\" style=\"flex-basis:25%\"><div class=\"wp-block-image\">\n<figure class=\"aligncenter size-full\"><img loading=\"lazy\" decoding=\"async\" width=\"245\" height=\"41\" src=\"https:\/\/zustellpartner.at\/wp-content\/uploads\/2023\/07\/ooe-nachrichten.png\" alt=\"Ober\u00f6sterreichische Nachrichten Logo\" class=\"wp-image-1732\" srcset=\"https:\/\/www.zustellpartner.at\/wp-content\/uploads\/2023\/07\/ooe-nachrichten.png 245w, https:\/\/www.zustellpartner.at\/wp-content\/uploads\/2023\/07\/ooe-nachrichten-18x3.png 18w\" sizes=\"auto, (max-width: 245px) 100vw, 245px\" \/><\/figure>\n<\/div><\/div>\n\n\n\n<div class=\"wp-block-column is-vertically-aligned-center is-layout-flow wp-block-column-is-layout-flow\" style=\"flex-basis:25%\"><div class=\"wp-block-image\">\n<figure class=\"aligncenter size-full\"><img loading=\"lazy\" decoding=\"async\" width=\"400\" height=\"62\" src=\"https:\/\/zustellpartner.at\/wp-content\/uploads\/2023\/07\/Medienmanager-e1454602848309.jpeg\" alt=\"Medien Manager Logo\" class=\"wp-image-1733\" srcset=\"https:\/\/www.zustellpartner.at\/wp-content\/uploads\/2023\/07\/Medienmanager-e1454602848309.jpeg 400w, https:\/\/www.zustellpartner.at\/wp-content\/uploads\/2023\/07\/Medienmanager-e1454602848309-300x47.jpeg 300w, https:\/\/www.zustellpartner.at\/wp-content\/uploads\/2023\/07\/Medienmanager-e1454602848309-18x3.jpeg 18w\" sizes=\"auto, (max-width: 400px) 100vw, 400px\" \/><\/figure>\n<\/div><\/div>\n\n\n\n<div class=\"wp-block-column is-vertically-aligned-center is-layout-flow wp-block-column-is-layout-flow\" style=\"flex-basis:25%\"><div class=\"wp-block-image\">\n<figure class=\"aligncenter size-full\"><img loading=\"lazy\" decoding=\"async\" width=\"179\" height=\"47\" src=\"https:\/\/zustellpartner.at\/wp-content\/uploads\/2023\/07\/der-grazer.png\" alt=\"Der Grazer Logo\" class=\"wp-image-1735\" srcset=\"https:\/\/www.zustellpartner.at\/wp-content\/uploads\/2023\/07\/der-grazer.png 179w, https:\/\/www.zustellpartner.at\/wp-content\/uploads\/2023\/07\/der-grazer-18x5.png 18w\" sizes=\"auto, (max-width: 179px) 100vw, 179px\" \/><\/figure>\n<\/div><\/div>\n<\/div>\n\n\n\n<div style=\"height:0px\" aria-hidden=\"true\" class=\"wp-block-spacer wp-container-content-7a8412fc\"><\/div>\n\n\n\n<div class=\"wp-block-columns are-vertically-aligned-center is-layout-flex wp-container-core-columns-is-layout-9d6595d7 wp-block-columns-is-layout-flex\">\n<div class=\"wp-block-column is-vertically-aligned-center is-layout-flow wp-block-column-is-layout-flow\" style=\"flex-basis:100%\"><div class=\"wp-block-image\">\n<figure class=\"aligncenter size-full\"><img loading=\"lazy\" decoding=\"async\" width=\"185\" height=\"52\" src=\"https:\/\/zustellpartner.at\/wp-content\/uploads\/2023\/07\/woche.png\" alt=\"Woche Logo\" class=\"wp-image-1736\" srcset=\"https:\/\/www.zustellpartner.at\/wp-content\/uploads\/2023\/07\/woche.png 185w, https:\/\/www.zustellpartner.at\/wp-content\/uploads\/2023\/07\/woche-18x5.png 18w\" sizes=\"auto, (max-width: 185px) 100vw, 185px\" \/><\/figure>\n<\/div><\/div>\n\n\n\n<div class=\"wp-block-column is-vertically-aligned-center is-layout-flow wp-block-column-is-layout-flow\" style=\"flex-basis:100%\"><div class=\"wp-block-image\">\n<figure class=\"aligncenter size-full is-resized\"><img loading=\"lazy\" decoding=\"async\" width=\"504\" height=\"244\" src=\"https:\/\/zustellpartner.at\/wp-content\/uploads\/2024\/01\/profil_Logo_Arrow_HG_web.jpg\" alt=\"Profil Logo\" class=\"wp-image-1920\" style=\"width:137px;height:67px\" srcset=\"https:\/\/www.zustellpartner.at\/wp-content\/uploads\/2024\/01\/profil_Logo_Arrow_HG_web.jpg 504w, https:\/\/www.zustellpartner.at\/wp-content\/uploads\/2024\/01\/profil_Logo_Arrow_HG_web-300x145.jpg 300w, https:\/\/www.zustellpartner.at\/wp-content\/uploads\/2024\/01\/profil_Logo_Arrow_HG_web-18x9.jpg 18w\" sizes=\"auto, (max-width: 504px) 100vw, 504px\" \/><\/figure>\n<\/div><\/div>\n\n\n\n<div class=\"wp-block-column is-vertically-aligned-center is-layout-flow wp-block-column-is-layout-flow\" style=\"flex-basis:100%\"><div class=\"wp-block-image\">\n<figure class=\"aligncenter size-full is-resized\"><img loading=\"lazy\" decoding=\"async\" width=\"458\" height=\"425\" src=\"https:\/\/zustellpartner.at\/wp-content\/uploads\/2024\/01\/LOGO-KRONEN-ZEITUNG-Kopie.jpg\" alt=\"Kronen Zeitung Logo\" class=\"wp-image-1916\" style=\"width:108px;height:100px\" srcset=\"https:\/\/www.zustellpartner.at\/wp-content\/uploads\/2024\/01\/LOGO-KRONEN-ZEITUNG-Kopie.jpg 458w, https:\/\/www.zustellpartner.at\/wp-content\/uploads\/2024\/01\/LOGO-KRONEN-ZEITUNG-Kopie-300x278.jpg 300w, https:\/\/www.zustellpartner.at\/wp-content\/uploads\/2024\/01\/LOGO-KRONEN-ZEITUNG-Kopie-13x12.jpg 13w\" sizes=\"auto, (max-width: 458px) 100vw, 458px\" \/><\/figure>\n<\/div><\/div>\n\n\n\n<div class=\"wp-block-column is-vertically-aligned-center is-layout-flow wp-block-column-is-layout-flow\" style=\"flex-basis:100%\"><div class=\"wp-block-image\">\n<figure class=\"aligncenter size-full is-resized\"><img loading=\"lazy\" decoding=\"async\" width=\"600\" height=\"138\" src=\"https:\/\/zustellpartner.at\/wp-content\/uploads\/2024\/01\/KURIER_Logo_web.jpg\" alt=\"Kurier Logo\" class=\"wp-image-1915\" style=\"width:149px;height:33px\" srcset=\"https:\/\/www.zustellpartner.at\/wp-content\/uploads\/2024\/01\/KURIER_Logo_web.jpg 600w, https:\/\/www.zustellpartner.at\/wp-content\/uploads\/2024\/01\/KURIER_Logo_web-300x69.jpg 300w, https:\/\/www.zustellpartner.at\/wp-content\/uploads\/2024\/01\/KURIER_Logo_web-18x4.jpg 18w\" sizes=\"auto, (max-width: 600px) 100vw, 600px\" \/><\/figure>\n<\/div><\/div>\n<\/div>\n\n\n\n<div style=\"height:0px\" aria-hidden=\"true\" class=\"wp-block-spacer wp-container-content-6388d5dc\"><\/div>\n<\/div>","protected":false},"excerpt":{"rendered":"<p>zustellpartner.at je platforma CiMedia Printmedenvertriebs GmbH a WNB Zustell GmbH pre ka\u017ed\u00e9ho, kto h\u013ead\u00e1 flexibiln\u00fa pr\u00e1cu na \u010diasto\u010dn\u00fd \u00fav\u00e4zok mimo be\u017en\u00e9ho pracovn\u00e9ho \u010dasu.<\/p>","protected":false},"author":8,"featured_media":1845,"parent":0,"menu_order":0,"comment_status":"closed","ping_status":"closed","template":"","meta":{"_acf_changed":false,"footnotes":""},"class_list":["post-946","page","type-page","status-publish","has-post-thumbnail","hentry"],"acf":[],"_links":{"self":[{"href":"https:\/\/www.zustellpartner.at\/sk\/wp-json\/wp\/v2\/pages\/946","targetHints":{"allow":["GET"]}}],"collection":[{"href":"https:\/\/www.zustellpartner.at\/sk\/wp-json\/wp\/v2\/pages"}],"about":[{"href":"https:\/\/www.zustellpartner.at\/sk\/wp-json\/wp\/v2\/types\/page"}],"author":[{"embeddable":true,"href":"https:\/\/www.zustellpartner.at\/sk\/wp-json\/wp\/v2\/users\/8"}],"replies":[{"embeddable":true,"href":"https:\/\/www.zustellpartner.at\/sk\/wp-json\/wp\/v2\/comments?post=946"}],"version-history":[{"count":44,"href":"https:\/\/www.zustellpartner.at\/sk\/wp-json\/wp\/v2\/pages\/946\/revisions"}],"predecessor-version":[{"id":2140,"href":"https:\/\/www.zustellpartner.at\/sk\/wp-json\/wp\/v2\/pages\/946\/revisions\/2140"}],"wp:featuredmedia":[{"embeddable":true,"href":"https:\/\/www.zustellpartner.at\/sk\/wp-json\/wp\/v2\/media\/1845"}],"wp:attachment":[{"href":"https:\/\/www.zustellpartner.at\/sk\/wp-json\/wp\/v2\/media?parent=946"}],"curies":[{"name":"wp","href":"https:\/\/api.w.org\/{rel}","templated":true}]}}