{"id":1470,"date":"2023-06-19T01:46:46","date_gmt":"2023-06-18T23:46:46","guid":{"rendered":"https:\/\/zustellpartner.at\/?page_id=1470"},"modified":"2025-10-23T15:04:53","modified_gmt":"2025-10-23T13:04:53","slug":"co-ponukame","status":"publish","type":"page","link":"https:\/\/www.zustellpartner.at\/sk\/was-bieten-wir\/","title":{"rendered":"\u010co pon\u00fakame?"},"content":{"rendered":"<h2 class=\"wp-block-heading\">Zar\u00e1bajte peniaze pred za\u010diatkom d\u0148a<\/h2>\n\n\n\n<p>zustellpartner.at je ide\u00e1lnym kontaktn\u00fdm miestom pre v\u0161etk\u00fdch d\u00f4chodcov, \u0161tudentov, minizamestn\u00e1vate\u013eov a \u013eud\u00ed, ktor\u00ed vstupuj\u00fa do ran\u00e9ho veku, ak ...<\/p>\n\n\n\n<ul class=\"wp-block-list\">\n<li>... h\u013ead\u00e1te flexibiln\u00fa pr\u00e1cu na \u010diasto\u010dn\u00fd \u00fav\u00e4zok mimo be\u017en\u00e9ho pracovn\u00e9ho \u010dasu.<\/li>\n\n\n\n<li>... chcete ma\u0165 zabezpe\u010den\u00fd pr\u00edjem formou samostatnej z\u00e1robkovej \u010dinnosti.<\/li>\n\n\n\n<li>... h\u013ead\u00e1te pr\u00e1cu (na polovi\u010dn\u00fd \u00fav\u00e4zok) vo svojom okol\u00ed.<\/li>\n\n\n\n<li>... chcete by\u0165 svojim vlastn\u00fdm \u0161\u00e9fom.<\/li>\n\n\n\n<li>... chcete ma\u0165 popri pr\u00e1ci dostatok \u010dasu na rodinu a kon\u00ed\u010dky.<\/li>\n<\/ul>\n\n\n\n<h2 class=\"wp-block-heading\">Pon\u00fakame v\u00e1m nasleduj\u00face mo\u017enosti:<\/h2>\n\n\n\n<ol class=\"wp-block-list\">\n<li>Samostatn\u00e1 z\u00e1robkov\u00e1 \u010dinnos\u0165 ako doru\u010dovate\u013e tla\u010den\u00fdch produktov, ako s\u00fa denn\u00e1 a t\u00fd\u017edenn\u00e1 tla\u010d, reklamn\u00e9 materi\u00e1ly a pod., alebo na rozvoz potrav\u00edn. M\u00f4\u017eete tie\u017e vyplni\u0165 odstra\u0148ovacie boxy, napr. B. s bezplatnou dennou tla\u010dou.<\/li>\n\n\n\n<li class=\"mt-4\">Pracuje sa skoro r\u00e1no, cez v\u00edkendy a sviatky.<\/li>\n\n\n\n<li class=\"mt-4\">M\u00e1te slobodu flexibilne si organizova\u0165 svoj \u010das a st\u00e1le m\u00e1te zabezpe\u010den\u00fd dodato\u010dn\u00fd pr\u00edjem.<\/li>\n<\/ol>\n\n\n\n<p><\/p>\n\n\n\n<p><\/p>\n\n\n\n<div style=\"height:1em\" aria-hidden=\"true\" class=\"wp-block-spacer\"><\/div>\n\n\n\n<p style=\"font-size:24px\">So spolo\u010dnos\u0165ou Medienbote HZ GmbH m\u00e1te po svojom boku f\u00e9rov\u00e9ho a dlhodob\u00e9ho partnera.<\/p>\n\n\n<section id=\"section-3-1219\" class=\"ct-section\" ><div class=\"ct-section-inner-wrap\"><a id=\"link_button-2-1219\" class=\"ct-link-button zpButton\" href=\"https:\/\/www.zustellpartner.at\/sk\/dopytovy-formular\/\"   >Zauj\u00edmam sa!<\/a><\/div><\/section>\n\n\n<div style=\"height:4rem\" aria-hidden=\"true\" class=\"wp-block-spacer\"><\/div>\n\n\n\n<div class=\"wp-block-columns is-layout-flex wp-container-core-columns-is-layout-9d6595d7 wp-block-columns-is-layout-flex\">\n<div class=\"wp-block-column is-layout-flow wp-block-column-is-layout-flow\">\n<h2 class=\"wp-block-heading has-text-align-center\">va\u0161e v\u00fdhody<\/h2>\n<\/div>\n<\/div>\n\n\n\n<div class=\"wp-block-columns is-layout-flex wp-container-core-columns-is-layout-9d6595d7 wp-block-columns-is-layout-flex\">\n<div class=\"wp-block-column is-layout-flow wp-block-column-is-layout-flow\" style=\"flex-basis:100%\">\n<div class=\"wp-block-columns is-layout-flex wp-container-core-columns-is-layout-9d6595d7 wp-block-columns-is-layout-flex\">\n<div class=\"wp-block-column is-layout-flow wp-block-column-is-layout-flow\">\n<ul class=\"wp-block-list\">\n<li>zarobi\u0165 bezpe\u010dn\u00e9 peniaze<\/li>\n\n\n\n<li>(ved\u013eaj\u0161ia) pr\u00e1ca vo va\u0161ej bl\u00edzkosti<\/li>\n\n\n\n<li>\u017eiadna predajn\u00e1 \u010dinnos\u0165<\/li>\n\n\n\n<li>Samostatn\u00e1 z\u00e1robkov\u00e1 \u010dinnos\u0165: Ste svojim vlastn\u00fdm \u0161\u00e9fom<\/li>\n<\/ul>\n<\/div>\n\n\n\n<div class=\"wp-block-column is-layout-flow wp-block-column-is-layout-flow\">\n<ul class=\"wp-block-list\">\n<li>dobre rozdelen\u00e1 \u010dinnos\u0165<\/li>\n\n\n\n<li>Va\u0161a pr\u00e1ca kon\u010d\u00ed, ke\u010f in\u00ed za\u010dn\u00fa v\u00e1\u0161 de\u0148.<\/li>\n\n\n\n<li>nevy\u017eaduje sa \u017eiadna \u0161peci\u00e1lna kvalifik\u00e1cia<\/li>\n\n\n\n<li>\u010cas na rodinu a kon\u00ed\u010dky<\/li>\n<\/ul>\n<\/div>\n<\/div>\n\n\n\n<p class=\"has-text-align-center\">Ka\u017ed\u00fd ve\u010der sa doru\u010dovatelia nov\u00edn staraj\u00fa o to, aby denn\u00e1 tla\u010d bola pripraven\u00e1 na \u010d\u00edtanie \u010ditate\u013eov r\u00e1no pred dverami ich bytu. Noviny obsahuj\u00fa zauj\u00edmav\u00e9 inform\u00e1cie z oblasti politiky, podnikania, kult\u00fary, miestnych z\u00e1le\u017eitost\u00ed a \u0161portu a obohacuj\u00fa \u013eud\u00ed.<\/p>\n\n\n<section id=\"section-3-1219\" class=\"ct-section\" ><div class=\"ct-section-inner-wrap\"><a id=\"link_button-2-1219\" class=\"ct-link-button zpButton\" href=\"https:\/\/www.zustellpartner.at\/offene-jobs\/\"   >Tu n\u00e1jdete na\u0161e vo\u013en\u00e9 pracovn\u00e9 miesta<\/a><\/div><\/section><\/div>\n<\/div>","protected":false},"excerpt":{"rendered":"<p>Verdienen Sie Geld, bevor der Tag beginnt F\u00fcr alle Pensionist:innen, Student:innen, Minijobber und Fr\u00fchaufsteher:innen ist zustellpartner.at die ideale Anlaufstelle, wenn ... Wir bieten Ihnen folgende M\u00f6glichkeiten: Mit der Medienbote HZ GmbH haben Sie einen fairen und langfristigen Partner an Ihrer Seite. Ihre Vorteile Zeitungszusteller:innen sorgen jede Nacht daf\u00fcr, dass die Tageszeitungen p\u00fcnktlich als Morgenlekt\u00fcre vor [&hellip;]<\/p>\n","protected":false},"author":19,"featured_media":1850,"parent":0,"menu_order":0,"comment_status":"closed","ping_status":"closed","template":"","meta":{"_acf_changed":false,"footnotes":""},"class_list":["post-1470","page","type-page","status-publish","has-post-thumbnail","hentry"],"acf":[],"_links":{"self":[{"href":"https:\/\/www.zustellpartner.at\/sk\/wp-json\/wp\/v2\/pages\/1470","targetHints":{"allow":["GET"]}}],"collection":[{"href":"https:\/\/www.zustellpartner.at\/sk\/wp-json\/wp\/v2\/pages"}],"about":[{"href":"https:\/\/www.zustellpartner.at\/sk\/wp-json\/wp\/v2\/types\/page"}],"author":[{"embeddable":true,"href":"https:\/\/www.zustellpartner.at\/sk\/wp-json\/wp\/v2\/users\/19"}],"replies":[{"embeddable":true,"href":"https:\/\/www.zustellpartner.at\/sk\/wp-json\/wp\/v2\/comments?post=1470"}],"version-history":[{"count":27,"href":"https:\/\/www.zustellpartner.at\/sk\/wp-json\/wp\/v2\/pages\/1470\/revisions"}],"predecessor-version":[{"id":2200,"href":"https:\/\/www.zustellpartner.at\/sk\/wp-json\/wp\/v2\/pages\/1470\/revisions\/2200"}],"wp:featuredmedia":[{"embeddable":true,"href":"https:\/\/www.zustellpartner.at\/sk\/wp-json\/wp\/v2\/media\/1850"}],"wp:attachment":[{"href":"https:\/\/www.zustellpartner.at\/sk\/wp-json\/wp\/v2\/media?parent=1470"}],"curies":[{"name":"wp","href":"https:\/\/api.w.org\/{rel}","templated":true}]}}