{"id":957,"date":"2022-11-14T14:39:48","date_gmt":"2022-11-14T13:39:48","guid":{"rendered":"https:\/\/zustellpartner.dpu.rocks\/?page_id=957"},"modified":"2024-10-24T13:32:51","modified_gmt":"2024-10-24T11:32:51","slug":"pagina-principala","status":"publish","type":"page","link":"https:\/\/www.zustellpartner.at\/ro\/","title":{"rendered":"pagina principala"},"content":{"rendered":"<p><\/p>\n\n\n\n<div class=\"wp-block-columns is-layout-flex wp-container-core-columns-is-layout-9d6595d7 wp-block-columns-is-layout-flex\">\n<div class=\"wp-block-column is-layout-flow wp-block-column-is-layout-flow\">\n<h2 class=\"wp-block-heading has-text-align-center\">Livrator de ziare - pentru cine este acest job?<\/h2>\n<\/div>\n<\/div>\n\n\n\n<div class=\"wp-block-columns is-layout-flex wp-container-core-columns-is-layout-9d6595d7 wp-block-columns-is-layout-flex\">\n<div class=\"wp-block-column is-layout-flow wp-block-column-is-layout-flow\" style=\"flex-basis:10%\"><\/div>\n\n\n\n<div class=\"wp-block-column is-layout-flow wp-block-column-is-layout-flow\" style=\"flex-basis:80%\">\n<div class=\"wp-block-columns is-layout-flex wp-container-core-columns-is-layout-9d6595d7 wp-block-columns-is-layout-flex\">\n<div class=\"wp-block-column is-layout-flow wp-block-column-is-layout-flow\">\n<ul class=\"wp-block-list\">\n<li>Pensionari activi care doresc s\u0103-\u0219i \u00eembun\u0103t\u0103\u021beasc\u0103 pensia.<\/li>\n\n\n\n<li>Studen\u021bi care caut\u0103 un venit secundar profitabil.<\/li>\n\n\n\n<li>C\u0103ut\u0103tori de locuri de munc\u0103 care doresc s\u0103 se \u00eentoarc\u0103 la munc\u0103.<\/li>\n<\/ul>\n<\/div>\n\n\n\n<div class=\"wp-block-column is-layout-flow wp-block-column-is-layout-flow\">\n<ul class=\"wp-block-list\">\n<li>Oameni diminea\u021ba care sunt activi devreme.<\/li>\n\n\n\n<li>Oricine dore\u0219te s\u0103 c\u00e2\u0219tige bani cu un loc de munc\u0103 independent cu norm\u0103 par\u021bial\u0103.<\/li>\n<\/ul>\n<\/div>\n<\/div>\n\n\n\n<p class=\"has-text-align-center\">Nu necesit\u0103 preg\u0103tire special\u0103 sau cuno\u0219tin\u021be aprofundate de german\u0103<\/p>\n<\/div>\n\n\n\n<div class=\"wp-block-column is-layout-flow wp-block-column-is-layout-flow\" style=\"flex-basis:10%\"><\/div>\n<\/div>\n\n\n<section id=\"section-3-1219\" class=\"ct-section\" ><div class=\"ct-section-inner-wrap\"><a id=\"link_button-2-1219\" class=\"ct-link-button zpButton\" href=\"https:\/\/www.zustellpartner.at\/offene-jobs\/\"   >Aici pute\u021bi g\u0103si posturile noastre vacante<\/a><\/div><\/section>\n\n\n<div class=\"wp-block-columns is-layout-flex wp-container-core-columns-is-layout-9d6595d7 wp-block-columns-is-layout-flex\">\n<div class=\"wp-block-column is-vertically-aligned-center is-layout-flow wp-block-column-is-layout-flow\"><div class=\"wp-block-image\">\n<figure class=\"aligncenter size-full\"><img loading=\"lazy\" decoding=\"async\" width=\"250\" height=\"198\" src=\"https:\/\/zustellpartner.at\/wp-content\/uploads\/2022\/11\/Was250.jpg\" alt=\"\" class=\"wp-image-1000\" srcset=\"https:\/\/www.zustellpartner.at\/wp-content\/uploads\/2022\/11\/Was250.jpg 250w, https:\/\/www.zustellpartner.at\/wp-content\/uploads\/2022\/11\/Was250-15x12.jpg 15w\" sizes=\"auto, (max-width: 250px) 100vw, 250px\" \/><\/figure>\n<\/div>\n\n\n<p class=\"has-text-align-center guten-font-xl\">Ce?<\/p>\n\n\n\n<p class=\"has-text-align-center\">\u00cen calitate de distribuitor de ziare, livra\u021bi ziare zilnice \u0219i alte produse tip\u0103rite la u\u0219a din fa\u021b\u0103.<\/p>\n<\/div>\n\n\n\n<div class=\"wp-block-column is-vertically-aligned-center is-layout-flow wp-block-column-is-layout-flow\"><div class=\"wp-block-image\">\n<figure class=\"aligncenter size-full\"><img loading=\"lazy\" decoding=\"async\" width=\"250\" height=\"198\" src=\"https:\/\/zustellpartner.at\/wp-content\/uploads\/2022\/11\/Wo250.jpg\" alt=\"\" class=\"wp-image-999\" srcset=\"https:\/\/www.zustellpartner.at\/wp-content\/uploads\/2022\/11\/Wo250.jpg 250w, https:\/\/www.zustellpartner.at\/wp-content\/uploads\/2022\/11\/Wo250-15x12.jpg 15w\" sizes=\"auto, (max-width: 250px) 100vw, 250px\" \/><\/figure>\n<\/div>\n\n\n<p class=\"has-text-align-center guten-font-xl\">Unde?<\/p>\n\n\n\n<p class=\"has-text-align-center\">Stiria, Carintia, Tirolul de Est<\/p>\n<\/div>\n\n\n\n<div class=\"wp-block-column is-vertically-aligned-center is-layout-flow wp-block-column-is-layout-flow\"><div class=\"wp-block-image\">\n<figure class=\"aligncenter size-full\"><img loading=\"lazy\" decoding=\"async\" width=\"250\" height=\"198\" src=\"https:\/\/zustellpartner.at\/wp-content\/uploads\/2022\/11\/Wann250.jpg\" alt=\"\" class=\"wp-image-998\" srcset=\"https:\/\/www.zustellpartner.at\/wp-content\/uploads\/2022\/11\/Wann250.jpg 250w, https:\/\/www.zustellpartner.at\/wp-content\/uploads\/2022\/11\/Wann250-15x12.jpg 15w\" sizes=\"auto, (max-width: 250px) 100vw, 250px\" \/><\/figure>\n<\/div>\n\n\n<p class=\"has-text-align-center guten-font-xl\">C\u00e2nd?<\/p>\n\n\n\n<p class=\"has-text-align-center\">La primele ore ale dimine\u021bii.<\/p>\n<\/div>\n<\/div>\n\n\n<section id=\"section-3-1219\" class=\"ct-section\" ><div class=\"ct-section-inner-wrap\"><a id=\"link_button-2-1219\" class=\"ct-link-button zpButton\" href=\"https:\/\/www.zustellpartner.at\/ro\/ce-oferim-noi\/\"   >Aici ve\u021bi g\u0103si avantajele dvs. ca partener de livrare<\/a><\/div><\/section>","protected":false},"excerpt":{"rendered":"<p>Zeitungszusteller:in \u2013 f\u00fcr wen ist dieser Job richtig? Keine spezielle Ausbildung oder vertiefende Deutschkenntnisse erforderlich Was? Als Zeitungszusteller stellen Sie Tageszeitungen und andere Printprodukte vor die Haust\u00fcre zu. Wo? Steiermark, K\u00e4rnten und Ost-Tirol. Wann? In den fr\u00fchen Morgenstunden.<\/p>","protected":false},"author":8,"featured_media":0,"parent":0,"menu_order":0,"comment_status":"closed","ping_status":"closed","template":"","meta":{"_acf_changed":false,"footnotes":""},"class_list":["post-957","page","type-page","status-publish","hentry"],"acf":[],"_links":{"self":[{"href":"https:\/\/www.zustellpartner.at\/ro\/wp-json\/wp\/v2\/pages\/957","targetHints":{"allow":["GET"]}}],"collection":[{"href":"https:\/\/www.zustellpartner.at\/ro\/wp-json\/wp\/v2\/pages"}],"about":[{"href":"https:\/\/www.zustellpartner.at\/ro\/wp-json\/wp\/v2\/types\/page"}],"author":[{"embeddable":true,"href":"https:\/\/www.zustellpartner.at\/ro\/wp-json\/wp\/v2\/users\/8"}],"replies":[{"embeddable":true,"href":"https:\/\/www.zustellpartner.at\/ro\/wp-json\/wp\/v2\/comments?post=957"}],"version-history":[{"count":19,"href":"https:\/\/www.zustellpartner.at\/ro\/wp-json\/wp\/v2\/pages\/957\/revisions"}],"predecessor-version":[{"id":2141,"href":"https:\/\/www.zustellpartner.at\/ro\/wp-json\/wp\/v2\/pages\/957\/revisions\/2141"}],"wp:attachment":[{"href":"https:\/\/www.zustellpartner.at\/ro\/wp-json\/wp\/v2\/media?parent=957"}],"curies":[{"name":"wp","href":"https:\/\/api.w.org\/{rel}","templated":true}]}}