{"id":1470,"date":"2023-06-19T01:46:46","date_gmt":"2023-06-18T23:46:46","guid":{"rendered":"https:\/\/zustellpartner.at\/?page_id=1470"},"modified":"2025-10-23T15:04:53","modified_gmt":"2025-10-23T13:04:53","slug":"ce-oferim-noi","status":"publish","type":"page","link":"https:\/\/www.zustellpartner.at\/ro\/was-bieten-wir\/","title":{"rendered":"Ce oferim?"},"content":{"rendered":"<h2 class=\"wp-block-heading\">C\u00e2\u0219tig\u0103 bani \u00eenainte de a \u00eencepe ziua<\/h2>\n\n\n\n<p>zustellpartner.at este punctul de contact ideal pentru to\u021bi pensionarii, studen\u021bii, minijoberii \u0219i cei care se trezesc devreme dac\u0103...<\/p>\n\n\n\n<ul class=\"wp-block-list\">\n<li>... sunte\u021bi \u00een c\u0103utarea unui loc de munc\u0103 flexibil cu norm\u0103 par\u021bial\u0103 \u00een afara programului normal de lucru.<\/li>\n\n\n\n<li>... vrei s\u0103 c\u00e2\u0219tigi un venit sigur pe o baz\u0103 independent\u0103.<\/li>\n\n\n\n<li>... sunte\u021bi \u00een c\u0103utarea unui loc de munc\u0103 (part-time) \u00een zona dvs.<\/li>\n\n\n\n<li>... vrei s\u0103 fii propriul t\u0103u \u0219ef.<\/li>\n\n\n\n<li>... vrei s\u0103 ai suficient timp pentru familie \u0219i hobby-uri pe l\u00e2ng\u0103 munc\u0103.<\/li>\n<\/ul>\n\n\n\n<h2 class=\"wp-block-heading\">V\u0103 oferim urm\u0103toarele op\u021biuni:<\/h2>\n\n\n\n<ol class=\"wp-block-list\">\n<li>Munc\u0103 independent\u0103 ca distribuitor de produse tip\u0103rite, cum ar fi ziare zilnice \u0219i s\u0103pt\u0103m\u00e2nale, materiale publicitare etc., sau pentru livrarea de produse alimentare. De asemenea, pute\u021bi umple cutiile de \u00eendep\u0103rtare, de ex. B. cu ziare zilnice gratuite.<\/li>\n\n\n\n<li class=\"mt-4\">Se lucreaz\u0103 diminea\u021ba devreme, \u00een weekend \u0219i de s\u0103rb\u0103torile legale.<\/li>\n\n\n\n<li class=\"mt-4\">Ave\u021bi libertatea de a v\u0103 organiza timpul \u00een mod flexibil \u0219i de a primi \u00een continuare un venit suplimentar sigur.<\/li>\n<\/ol>\n\n\n\n<p><\/p>\n\n\n\n<p><\/p>\n\n\n\n<div style=\"height:1em\" aria-hidden=\"true\" class=\"wp-block-spacer\"><\/div>\n\n\n\n<p style=\"font-size:24px\">E Medienbote HZ GmbH-esa si tut jekh \u0107a\u0107utno thaj lungo-vr\u00e0maqo partneri pa\u015bal tute.<\/p>\n\n\n<section id=\"section-3-1219\" class=\"ct-section\" ><div class=\"ct-section-inner-wrap\"><a id=\"link_button-2-1219\" class=\"ct-link-button zpButton\" href=\"https:\/\/www.zustellpartner.at\/ro\/formular-de-cerere\/\"   >Sunt interesat!<\/a><\/div><\/section>\n\n\n<div style=\"height:4rem\" aria-hidden=\"true\" class=\"wp-block-spacer\"><\/div>\n\n\n\n<div class=\"wp-block-columns is-layout-flex wp-container-core-columns-is-layout-9d6595d7 wp-block-columns-is-layout-flex\">\n<div class=\"wp-block-column is-layout-flow wp-block-column-is-layout-flow\">\n<h2 class=\"wp-block-heading has-text-align-center\">beneficiile dvs<\/h2>\n<\/div>\n<\/div>\n\n\n\n<div class=\"wp-block-columns is-layout-flex wp-container-core-columns-is-layout-9d6595d7 wp-block-columns-is-layout-flex\">\n<div class=\"wp-block-column is-layout-flow wp-block-column-is-layout-flow\" style=\"flex-basis:100%\">\n<div class=\"wp-block-columns is-layout-flex wp-container-core-columns-is-layout-9d6595d7 wp-block-columns-is-layout-flex\">\n<div class=\"wp-block-column is-layout-flow wp-block-column-is-layout-flow\">\n<ul class=\"wp-block-list\">\n<li>c\u00e2\u0219tiga bani siguri<\/li>\n\n\n\n<li>o slujb\u0103 (lateral\u0103) l\u00e2ng\u0103 tine<\/li>\n\n\n\n<li>fara activitate de vanzare<\/li>\n\n\n\n<li>Munc\u0103 independent\u0103: e\u0219ti propriul t\u0103u \u0219ef<\/li>\n<\/ul>\n<\/div>\n\n\n\n<div class=\"wp-block-column is-layout-flow wp-block-column-is-layout-flow\">\n<ul class=\"wp-block-list\">\n<li>activitate bine divizat\u0103<\/li>\n\n\n\n<li>Slujba ta se termin\u0103 c\u00e2nd al\u021bii \u00ee\u021bi \u00eencep ziua.<\/li>\n\n\n\n<li>nu sunt necesare calific\u0103ri speciale<\/li>\n\n\n\n<li>Timp pentru familie \u0219i hobby-uri<\/li>\n<\/ul>\n<\/div>\n<\/div>\n\n\n\n<p class=\"has-text-align-center\">\u00cen fiecare sear\u0103, distribuitorii de ziare se asigur\u0103 c\u0103 ziarele zilnice sunt preg\u0103tite pentru cititori diminea\u021ba \u00een fa\u021ba u\u0219ii apartamentului lor. Ziarele con\u021bin informa\u021bii interesante din domeniile politicii, afacerilor, culturii, afacerilor locale \u0219i sportului \u0219i \u00eembog\u0103\u021besc oamenii.<\/p>\n\n\n<section id=\"section-3-1219\" class=\"ct-section\" ><div class=\"ct-section-inner-wrap\"><a id=\"link_button-2-1219\" class=\"ct-link-button zpButton\" href=\"https:\/\/www.zustellpartner.at\/offene-jobs\/\"   >Aici pute\u021bi g\u0103si posturile noastre vacante<\/a><\/div><\/section><\/div>\n<\/div>","protected":false},"excerpt":{"rendered":"<p>Verdienen Sie Geld, bevor der Tag beginnt F\u00fcr alle Pensionist:innen, Student:innen, Minijobber und Fr\u00fchaufsteher:innen ist zustellpartner.at die ideale Anlaufstelle, wenn ... Wir bieten Ihnen folgende M\u00f6glichkeiten: Mit der Medienbote HZ GmbH haben Sie einen fairen und langfristigen Partner an Ihrer Seite. Ihre Vorteile Zeitungszusteller:innen sorgen jede Nacht daf\u00fcr, dass die Tageszeitungen p\u00fcnktlich als Morgenlekt\u00fcre vor [&hellip;]<\/p>\n","protected":false},"author":19,"featured_media":1850,"parent":0,"menu_order":0,"comment_status":"closed","ping_status":"closed","template":"","meta":{"_acf_changed":false,"footnotes":""},"class_list":["post-1470","page","type-page","status-publish","has-post-thumbnail","hentry"],"acf":[],"_links":{"self":[{"href":"https:\/\/www.zustellpartner.at\/ro\/wp-json\/wp\/v2\/pages\/1470","targetHints":{"allow":["GET"]}}],"collection":[{"href":"https:\/\/www.zustellpartner.at\/ro\/wp-json\/wp\/v2\/pages"}],"about":[{"href":"https:\/\/www.zustellpartner.at\/ro\/wp-json\/wp\/v2\/types\/page"}],"author":[{"embeddable":true,"href":"https:\/\/www.zustellpartner.at\/ro\/wp-json\/wp\/v2\/users\/19"}],"replies":[{"embeddable":true,"href":"https:\/\/www.zustellpartner.at\/ro\/wp-json\/wp\/v2\/comments?post=1470"}],"version-history":[{"count":27,"href":"https:\/\/www.zustellpartner.at\/ro\/wp-json\/wp\/v2\/pages\/1470\/revisions"}],"predecessor-version":[{"id":2200,"href":"https:\/\/www.zustellpartner.at\/ro\/wp-json\/wp\/v2\/pages\/1470\/revisions\/2200"}],"wp:featuredmedia":[{"embeddable":true,"href":"https:\/\/www.zustellpartner.at\/ro\/wp-json\/wp\/v2\/media\/1850"}],"wp:attachment":[{"href":"https:\/\/www.zustellpartner.at\/ro\/wp-json\/wp\/v2\/media?parent=1470"}],"curies":[{"name":"wp","href":"https:\/\/api.w.org\/{rel}","templated":true}]}}