{"id":2142,"date":"2024-10-25T15:43:17","date_gmt":"2024-10-25T13:43:17","guid":{"rendered":"https:\/\/zustellpartner.at\/?page_id=2142"},"modified":"2024-10-25T15:44:28","modified_gmt":"2024-10-25T13:44:28","slug":"nutzungsbedingungen","status":"publish","type":"page","link":"https:\/\/www.zustellpartner.at\/hu\/nutzungsbedingungen\/","title":{"rendered":"Felhaszn\u00e1l\u00e1si felt\u00e9telek"},"content":{"rendered":"<p><strong>Haszn\u00e1lat fenntart\u00e1sa az UrhG 42h. \u00a7 6. bekezd\u00e9se szerint<\/strong><\/p>\n\n\n\n<p>A jelen weboldal tartalm\u00e1nak (bele\u00e9rtve az \u00f6sszes aldom\u00e9nt \u00e9s alk\u00f6nyvt\u00e1rat) felhaszn\u00e1l\u00e1sa sz\u00f6veg- \u00e9s adatb\u00e1ny\u00e1szati \u200b\u200bc\u00e9lra a n\u00e9met szerz\u0151i jogi t\u00f6rv\u00e9ny (UrhG) 42h. \u00a7 6. bekezd\u00e9s\u00e9nek \u00e9rtelm\u00e9ben MI-modellek \u00e9s\/vagy MI-alap\u00fa technol\u00f3gi\u00e1k oktat\u00e1sa vagy betan\u00edt\u00e1sa c\u00e9lj\u00e1b\u00f3l kifejezetten tilos.<\/p>","protected":false},"excerpt":{"rendered":"<p>Nutzungsvorbehalt gem. \u00a7 42h Abs 6 UrhG Die Nutzung der Inhalte dieser Website (einschlie\u00dflich aller Subdomains und Unterverzeichnisse) f\u00fcr Text- und Data Mining iSd \u00a7 42h Abs 6 UrhG f\u00fcr die Zwecke der Anlernung bzw. des Trainings von KI-Modellen und\/oder KI-basierten Technologien ist ausdr\u00fccklich verboten.<\/p>","protected":false},"author":15,"featured_media":0,"parent":0,"menu_order":0,"comment_status":"closed","ping_status":"closed","template":"","meta":{"_acf_changed":false,"footnotes":""},"class_list":["post-2142","page","type-page","status-publish","hentry"],"acf":[],"_links":{"self":[{"href":"https:\/\/www.zustellpartner.at\/hu\/wp-json\/wp\/v2\/pages\/2142","targetHints":{"allow":["GET"]}}],"collection":[{"href":"https:\/\/www.zustellpartner.at\/hu\/wp-json\/wp\/v2\/pages"}],"about":[{"href":"https:\/\/www.zustellpartner.at\/hu\/wp-json\/wp\/v2\/types\/page"}],"author":[{"embeddable":true,"href":"https:\/\/www.zustellpartner.at\/hu\/wp-json\/wp\/v2\/users\/15"}],"replies":[{"embeddable":true,"href":"https:\/\/www.zustellpartner.at\/hu\/wp-json\/wp\/v2\/comments?post=2142"}],"version-history":[{"count":2,"href":"https:\/\/www.zustellpartner.at\/hu\/wp-json\/wp\/v2\/pages\/2142\/revisions"}],"predecessor-version":[{"id":2144,"href":"https:\/\/www.zustellpartner.at\/hu\/wp-json\/wp\/v2\/pages\/2142\/revisions\/2144"}],"wp:attachment":[{"href":"https:\/\/www.zustellpartner.at\/hu\/wp-json\/wp\/v2\/media?parent=2142"}],"curies":[{"name":"wp","href":"https:\/\/api.w.org\/{rel}","templated":true}]}}