{"id":957,"date":"2022-11-14T14:39:48","date_gmt":"2022-11-14T13:39:48","guid":{"rendered":"https:\/\/zustellpartner.dpu.rocks\/?page_id=957"},"modified":"2024-10-24T13:32:51","modified_gmt":"2024-10-24T11:32:51","slug":"%d8%a7%d9%84%d8%b5%d9%81%d8%ad%d8%a9-%d8%a7%d9%84%d8%b1%d8%a6%d9%8a%d8%b3%d9%8a%d8%a9","status":"publish","type":"page","link":"https:\/\/www.zustellpartner.at\/ar\/","title":{"rendered":"\u0627\u0644\u0635\u0641\u062d\u0629 \u0627\u0644\u0631\u0626\u064a\u0633\u064a\u0629"},"content":{"rendered":"<p><\/p>\n\n\n\n<div class=\"wp-block-columns is-layout-flex wp-container-core-columns-is-layout-9d6595d7 wp-block-columns-is-layout-flex\">\n<div class=\"wp-block-column is-layout-flow wp-block-column-is-layout-flow\">\n<h2 class=\"wp-block-heading has-text-align-center\">\u0645\u0646\u062f\u0648\u0628 \u062a\u0648\u0635\u064a\u0644 \u0627\u0644\u0635\u062d\u0641 - \u0644\u0645\u0646 \u0647\u0630\u0647 \u0627\u0644\u0648\u0638\u064a\u0641\u0629 \u0645\u0646\u0627\u0633\u0628\u0629\u061f<\/h2>\n<\/div>\n<\/div>\n\n\n\n<div class=\"wp-block-columns is-layout-flex wp-container-core-columns-is-layout-9d6595d7 wp-block-columns-is-layout-flex\">\n<div class=\"wp-block-column is-layout-flow wp-block-column-is-layout-flow\" style=\"flex-basis:10%\"><\/div>\n\n\n\n<div class=\"wp-block-column is-layout-flow wp-block-column-is-layout-flow\" style=\"flex-basis:80%\">\n<div class=\"wp-block-columns is-layout-flex wp-container-core-columns-is-layout-9d6595d7 wp-block-columns-is-layout-flex\">\n<div class=\"wp-block-column is-layout-flow wp-block-column-is-layout-flow\">\n<ul class=\"wp-block-list\">\n<li>\u0627\u0644\u0645\u062a\u0642\u0627\u0639\u062f\u0648\u0646 \u0627\u0644\u0646\u0634\u0637\u0648\u0646 \u0627\u0644\u0630\u064a\u0646 \u064a\u0631\u063a\u0628\u0648\u0646 \u0641\u064a \u062a\u062d\u0633\u064a\u0646 \u0645\u0639\u0627\u0634\u0627\u062a\u0647\u0645 \u0627\u0644\u062a\u0642\u0627\u0639\u062f\u064a\u0629.<\/li>\n\n\n\n<li>\u0627\u0644\u0637\u0644\u0627\u0628 \u0627\u0644\u0630\u064a\u0646 \u064a\u0628\u062d\u062b\u0648\u0646 \u0639\u0646 \u062f\u062e\u0644 \u0625\u0636\u0627\u0641\u064a \u0645\u0631\u0628\u062d.<\/li>\n\n\n\n<li>\u0627\u0644\u0628\u0627\u062d\u062b\u0648\u0646 \u0639\u0646 \u0639\u0645\u0644 \u0627\u0644\u0630\u064a\u0646 \u064a\u0631\u064a\u062f\u0648\u0646 \u0627\u0644\u0639\u0648\u062f\u0629 \u0625\u0644\u0649 \u0627\u0644\u0639\u0645\u0644.<\/li>\n<\/ul>\n<\/div>\n\n\n\n<div class=\"wp-block-column is-layout-flow wp-block-column-is-layout-flow\">\n<ul class=\"wp-block-list\">\n<li>\u0627\u0644\u0623\u0634\u062e\u0627\u0635 \u0627\u0644\u0635\u0628\u0627\u062d\u064a\u0648\u0646 \u0627\u0644\u0630\u064a\u0646 \u064a\u0646\u0634\u0637\u0648\u0646 \u0645\u0628\u0643\u0631\u064b\u0627.<\/li>\n\n\n\n<li>\u0623\u064a \u0634\u062e\u0635 \u064a\u0631\u064a\u062f \u0643\u0633\u0628 \u0627\u0644\u0645\u0627\u0644 \u0645\u0646 \u062e\u0644\u0627\u0644 \u0648\u0638\u064a\u0641\u0629 \u0628\u062f\u0648\u0627\u0645 \u062c\u0632\u0626\u064a \u064a\u0639\u0645\u0644 \u0644\u062d\u0633\u0627\u0628\u0647 \u0627\u0644\u062e\u0627\u0635.<\/li>\n<\/ul>\n<\/div>\n<\/div>\n\n\n\n<p class=\"has-text-align-center\">\u0644\u0627 \u064a\u062a\u0637\u0644\u0628 \u0627\u0644\u0623\u0645\u0631 \u062a\u062f\u0631\u064a\u0628\u064b\u0627 \u062e\u0627\u0635\u064b\u0627 \u0623\u0648 \u0645\u0639\u0631\u0641\u0629 \u0645\u062a\u0639\u0645\u0642\u0629 \u0628\u0627\u0644\u0644\u063a\u0629 \u0627\u0644\u0623\u0644\u0645\u0627\u0646\u064a\u0629<\/p>\n<\/div>\n\n\n\n<div class=\"wp-block-column is-layout-flow wp-block-column-is-layout-flow\" style=\"flex-basis:10%\"><\/div>\n<\/div>\n\n\n<section id=\"section-3-1219\" class=\"ct-section\" ><div class=\"ct-section-inner-wrap\"><a id=\"link_button-2-1219\" class=\"ct-link-button zpButton\" href=\"https:\/\/www.zustellpartner.at\/offene-jobs\/\"   >\u0627\u0646\u0642\u0631 \u0647\u0646\u0627 \u0644\u0644\u062d\u0635\u0648\u0644 \u0639\u0644\u0649 \u0627\u0644\u0648\u0638\u0627\u0626\u0641 \u0627\u0644\u0634\u0627\u063a\u0631\u0629 \u0644\u062f\u064a\u0646\u0627<\/a><\/div><\/section>\n\n\n<div class=\"wp-block-columns is-layout-flex wp-container-core-columns-is-layout-9d6595d7 wp-block-columns-is-layout-flex\">\n<div class=\"wp-block-column is-vertically-aligned-center is-layout-flow wp-block-column-is-layout-flow\"><div class=\"wp-block-image\">\n<figure class=\"aligncenter size-full\"><img loading=\"lazy\" decoding=\"async\" width=\"250\" height=\"198\" src=\"https:\/\/zustellpartner.at\/wp-content\/uploads\/2022\/11\/Was250.jpg\" alt=\"\" class=\"wp-image-1000\" srcset=\"https:\/\/www.zustellpartner.at\/wp-content\/uploads\/2022\/11\/Was250.jpg 250w, https:\/\/www.zustellpartner.at\/wp-content\/uploads\/2022\/11\/Was250-15x12.jpg 15w\" sizes=\"auto, (max-width: 250px) 100vw, 250px\" \/><\/figure>\n<\/div>\n\n\n<p class=\"has-text-align-center guten-font-xl\">\u0645\u0627\u0630\u0627\u061f<\/p>\n\n\n\n<p class=\"has-text-align-center\">\u0628\u0627\u0639\u062a\u0628\u0627\u0631\u0643 \u0645\u0646\u062f\u0648\u0628 \u062a\u0648\u0635\u064a\u0644 \u0627\u0644\u0635\u062d\u0641\u060c \u0641\u0625\u0646\u0643 \u062a\u0642\u0648\u0645 \u0628\u062a\u0648\u0635\u064a\u0644 \u0627\u0644\u0635\u062d\u0641 \u0627\u0644\u064a\u0648\u0645\u064a\u0629 \u0648\u0627\u0644\u0645\u0646\u062a\u062c\u0627\u062a \u0627\u0644\u0645\u0637\u0628\u0648\u0639\u0629 \u0627\u0644\u0623\u062e\u0631\u0649 \u0625\u0644\u0649 \u0628\u0627\u0628 \u0645\u0646\u0632\u0644\u0643.<\/p>\n<\/div>\n\n\n\n<div class=\"wp-block-column is-vertically-aligned-center is-layout-flow wp-block-column-is-layout-flow\"><div class=\"wp-block-image\">\n<figure class=\"aligncenter size-full\"><img loading=\"lazy\" decoding=\"async\" width=\"250\" height=\"198\" src=\"https:\/\/zustellpartner.at\/wp-content\/uploads\/2022\/11\/Wo250.jpg\" alt=\"\" class=\"wp-image-999\" srcset=\"https:\/\/www.zustellpartner.at\/wp-content\/uploads\/2022\/11\/Wo250.jpg 250w, https:\/\/www.zustellpartner.at\/wp-content\/uploads\/2022\/11\/Wo250-15x12.jpg 15w\" sizes=\"auto, (max-width: 250px) 100vw, 250px\" \/><\/figure>\n<\/div>\n\n\n<p class=\"has-text-align-center guten-font-xl\">\u0623\u064a\u0646\u061f<\/p>\n\n\n\n<p class=\"has-text-align-center\">Steiermark, K\u00e4rnten und Ost-Tirol.<\/p>\n<\/div>\n\n\n\n<div class=\"wp-block-column is-vertically-aligned-center is-layout-flow wp-block-column-is-layout-flow\"><div class=\"wp-block-image\">\n<figure class=\"aligncenter size-full\"><img loading=\"lazy\" decoding=\"async\" width=\"250\" height=\"198\" src=\"https:\/\/zustellpartner.at\/wp-content\/uploads\/2022\/11\/Wann250.jpg\" alt=\"\" class=\"wp-image-998\" srcset=\"https:\/\/www.zustellpartner.at\/wp-content\/uploads\/2022\/11\/Wann250.jpg 250w, https:\/\/www.zustellpartner.at\/wp-content\/uploads\/2022\/11\/Wann250-15x12.jpg 15w\" sizes=\"auto, (max-width: 250px) 100vw, 250px\" \/><\/figure>\n<\/div>\n\n\n<p class=\"has-text-align-center guten-font-xl\">\u0645\u062a\u0649\u061f<\/p>\n\n\n\n<p class=\"has-text-align-center\">\u0641\u064a \u0633\u0627\u0639\u0627\u062a \u0627\u0644\u0635\u0628\u0627\u062d \u0627\u0644\u0628\u0627\u0643\u0631.<\/p>\n<\/div>\n<\/div>\n\n\n<section id=\"section-3-1219\" class=\"ct-section\" ><div class=\"ct-section-inner-wrap\"><a id=\"link_button-2-1219\" class=\"ct-link-button zpButton\" href=\"https:\/\/www.zustellpartner.at\/ar\/%d9%85%d8%a7%d8%b0%d8%a7-%d9%86%d9%82%d8%af%d9%85\/\"   >\u0633\u062a\u062c\u062f \u0647\u0646\u0627 \u0645\u0645\u064a\u0632\u0627\u062a\u0643 \u0643\u0634\u0631\u064a\u0643 \u062a\u0648\u0635\u064a\u0644<\/a><\/div><\/section>","protected":false},"excerpt":{"rendered":"<p>Zeitungszusteller:in \u2013 f\u00fcr wen ist dieser Job richtig? Keine spezielle Ausbildung oder vertiefende Deutschkenntnisse erforderlich Was? Als Zeitungszusteller stellen Sie Tageszeitungen und andere Printprodukte vor die Haust\u00fcre zu. Wo? Steiermark, K\u00e4rnten und Ost-Tirol. Wann? In den fr\u00fchen Morgenstunden.<\/p>","protected":false},"author":8,"featured_media":0,"parent":0,"menu_order":0,"comment_status":"closed","ping_status":"closed","template":"","meta":{"_acf_changed":false,"footnotes":""},"class_list":["post-957","page","type-page","status-publish","hentry"],"acf":[],"_links":{"self":[{"href":"https:\/\/www.zustellpartner.at\/ar\/wp-json\/wp\/v2\/pages\/957","targetHints":{"allow":["GET"]}}],"collection":[{"href":"https:\/\/www.zustellpartner.at\/ar\/wp-json\/wp\/v2\/pages"}],"about":[{"href":"https:\/\/www.zustellpartner.at\/ar\/wp-json\/wp\/v2\/types\/page"}],"author":[{"embeddable":true,"href":"https:\/\/www.zustellpartner.at\/ar\/wp-json\/wp\/v2\/users\/8"}],"replies":[{"embeddable":true,"href":"https:\/\/www.zustellpartner.at\/ar\/wp-json\/wp\/v2\/comments?post=957"}],"version-history":[{"count":19,"href":"https:\/\/www.zustellpartner.at\/ar\/wp-json\/wp\/v2\/pages\/957\/revisions"}],"predecessor-version":[{"id":2141,"href":"https:\/\/www.zustellpartner.at\/ar\/wp-json\/wp\/v2\/pages\/957\/revisions\/2141"}],"wp:attachment":[{"href":"https:\/\/www.zustellpartner.at\/ar\/wp-json\/wp\/v2\/media?parent=957"}],"curies":[{"name":"wp","href":"https:\/\/api.w.org\/{rel}","templated":true}]}}