{"id":1047,"date":"2022-11-15T16:10:09","date_gmt":"2022-11-15T15:10:09","guid":{"rendered":"https:\/\/zustellpartner.dpu.rocks\/?page_id=1047"},"modified":"2025-06-02T15:12:40","modified_gmt":"2025-06-02T13:12:40","slug":"%d8%ad%d9%85%d8%a7%d9%8a%d8%a9-%d8%a7%d9%84%d8%a8%d9%8a%d8%a7%d9%86%d8%a7%d8%aa","status":"publish","type":"page","link":"https:\/\/www.zustellpartner.at\/ar\/datenschutz\/","title":{"rendered":"\u062d\u0645\u0627\u064a\u0629 \u0627\u0644\u0628\u064a\u0627\u0646\u0627\u062a"},"content":{"rendered":"\n<div class=\"w-full px-4 pb-20 xl:px-8 2xl:px-12\"><h2 class=\"pb-2 text-5xl\">Datenschutzinformation<\/h2><h3 class=\"pb-2 text-3xl\">Information gem\u00e4\u00df Art 13 DSGVO<!-- -->:<!-- --><\/h3><p class=\"mb-4\">Der Schutz Ihrer pers\u00f6nlichen Daten ist uns ein besonderes Anliegen. Wir verarbeiten Ihre personenbezogenen Daten daher ausschlie\u00dflich auf Grundlage der gesetzlichen Bestimmungen (EU-Datenschutzgrundverordnung, Datenschutzgesetz, Telekommuni-kationsgesetz 2021). Wir m\u00f6chten Sie in Entsprechung unserer gesetzlichen Verpflich-tung (Art 13 DSGVO) als Verantwortlicher der Datenverarbeitung daher \u00fcber die Verarbei-tung personenbezogener Daten informieren, die wir bei Ihnen erheben. Personenbezo-gene Daten sind all jene Daten, die auf Sie pers\u00f6nlich beziehbar sind, wie Name, E-Mail-Adresse, IP-Adresse etc.<\/p>\n\n<p class=\"mb-4\">Verantwortlicher der Datenverarbeitung: &gt;redmail Logistik &amp; Zustellservice GmbH, Hainburger Stra\u00dfe 33, 1030 Wien und deren Tochtergesellschaften Medienbote HZ GmbH, Gadollaplatz 1, 8010 Graz und Accura Logistik GmbH, Gadollaplatz 1, 8010 Graz, Telefon +43 5 1795 0, E-Mail<!-- --> <!-- --><a href=\"mailto:daten-schutz@redmail.at\" class=\"whitespace-nowrap text-zp_blue_primary hover:text-zp_violet\">daten-schutz@redmail.at<\/a> <!-- -->oder<!-- --> <!-- --><a href=\"mailto:dateschutz@accura.at\" class=\"whitespace-nowrap text-zp_blue_primary hover:text-zp_violet\">dateschutz@accura.at<\/a>oder<!-- --> <!-- --><a href=\"mailto:datenschutz@medienbot.at\" class=\"whitespace-nowrap text-zp_blue_primary hover:text-zp_violet\">datenschutz@medienbot.at<\/a>.<!-- --><\/p>\n<br><br>\n<h3 class=\"pb-2 text-3xl\">1. Cookies:<\/h3><p class=\"mb-4\">Unsere Website verwendet so genannte Cookies unterschiedlicher Arten. Dabei handelt es sich um kleine Textdateien, die mit Hilfe des Browsers auf Ihrem Endger\u00e4t abgelegt werden. Sie richten keinen Schaden an. Wir nutzen Cookies dazu, unser Angebot nutzer-freundlich zu gestalten sowie zur Analyse der Benutzung unserer Website. Hierdurch kann die Nutzung der Website ausgewertet und Erkenntnisse \u00fcber die Bed\u00fcrfnisse der Nutzer gewonnen werden. Diese Erkenntnisse tragen dazu bei, die Qualit\u00e4t unseres An-gebotes f\u00fcr unsere Nutzer noch weiter zu verbessern. Einige Cookies bleiben auf Ihrem Endger\u00e4t gespeichert, bis Sie diese l\u00f6schen. Sie erm\u00f6glichen es uns, Ihren Browser beim n\u00e4chsten Besuch wiederzuerkennen<\/p>\n\n<p class=\"mb-4\">Wenn Sie dies nicht w\u00fcnschen, so k\u00f6nnen Sie Ihren Browser so einrichten, dass er Sie \u00fcber das Setzen von Cookies informiert und Sie dies nur im Einzelfall erlauben. Genaue-re Informationen finden Sie im Hilfemen\u00fc Ihres Browsers oder beispielsweise unter <a href=\"http:\/\/aboutcookies.org\" target=\"_blank\" rel=\"noopener\">http:\/\/aboutcookies.org<\/a>.<\/p>\n<p class=\"mb-4\">Bei der Deaktivierung von Cookies kann die Funktionalit\u00e4t unserer Website einge-schr\u00e4nkt sein.<\/p>\n<br><br>\n<h3 class=\"pb-2 text-3xl\">Notwendig:<\/h3><div class=\"mb-4 overflow-x-scroll rounded-lg border\"><table class=\"min-w-[1400px] table-auto text-left\"><thead><tr><th class=\"border-t border-b-2 p-3\" scope=\"col\">Name<\/th><th class=\"border-t border-b-2 p-3\" scope=\"col\">Ersteller<\/th><th class=\"border-t border-b-2 p-3\" scope=\"col\">Speicherdauer<\/th><th class=\"border-t border-b-2 p-3\" scope=\"col\">Domain<\/th><th class=\"border-t border-b-2 p-3\" scope=\"col\">Verwendung<\/th><\/tr><\/thead><tbody><tr><td class=\"border-b p-3\"><strong>zp-cookies<\/strong><\/td><td class=\"border-b p-3\">Zustellpartner.at<\/td><td class=\"border-b p-3\">1 Monat<\/td><td class=\"border-b p-3\">.zustellpartner.at<\/td><td class=\"border-b p-3\">Enth\u00e4lt jene Information, ob der Nutzer bereits eine Entscheidung hinsichtlich der Cookie Einstellungen getroffen hat und somit das Pop-Up angezeigt werden muss oder nicht.<\/td><\/tr><tr><td class=\"border-b p-3\"><strong>PHPSESSID<\/strong><\/td><td class=\"border-b p-3\">Zustellpartner.at<\/td><td class=\"border-b p-3\">bis zum Ende der Sitzung<\/td><td class=\"border-b p-3\">zustellpartner.at<\/td><td class=\"border-b p-3\">Z\u00e4hlt die Anzahl der Sitzung und weist jedem Besucher eine anonyme Kennung zu.<\/td><\/tr><\/tbody><\/table><\/div>\n<br><br>\n<h3 class=\"pb-2 text-3xl\">Marketing und Statistik:<\/h3><div class=\"mb-4 overflow-x-scroll rounded-lg border\"><table class=\"min-w-[1400px] table-auto text-left\"><thead><tr><th class=\"border-t border-b-2 p-3\" scope=\"col\">Name<\/th><th class=\"border-t border-b-2 p-3\" scope=\"col\">Ersteller<\/th><th class=\"border-t border-b-2 p-3\" scope=\"col\">Speicherdauer<\/th><th class=\"border-t border-b-2 p-3\" scope=\"col\">Domain<\/th><th class=\"border-t border-b-2 p-3\" scope=\"col\">Verwendung<\/th><\/tr><\/thead><tbody><tr><td class=\"border-b p-3\"><strong>zp-marketing<\/strong><\/td><td class=\"border-b p-3\">Zustellpartner.at<\/td><td class=\"border-b p-3\">1 Monat<\/td><td class=\"border-b p-3\">.zustellpartner.at<\/td><td class=\"border-b p-3\">Enth\u00e4lt jene Information, ob der Nutzer die Verwendung von Marketing und Statistik Cookies best\u00e4tigt hat.<\/td><\/tr><tr><td class=\"border-b p-3\"><strong>_ga<\/strong><\/td><td class=\"border-b p-3\">Google<\/td><td class=\"border-b p-3\">1 Jahr<\/td><td class=\"border-b p-3\">.zustellpartner.at<\/td><td class=\"border-b p-3\">Enth\u00e4lt Informationen um die Unterscheidung von Nutzern der Seite zu erm\u00f6glichen. Sammelt Daten \u00fcber Besuche des Nutzers, wie zum Beispiel welche Seiten von Relevanz sind.<\/td><\/tr><tr><td class=\"border-b p-3\"><strong>_ga_8NNR5SV3X5<\/strong><\/td><td class=\"border-b p-3\">Google<\/td><td class=\"border-b p-3\">1 Jahr<\/td><td class=\"border-b p-3\">.zustellpartner.at<\/td><td class=\"border-b p-3\">Enth\u00e4lt Informationen um die Unterscheidung von Nutzern der Seite zu erm\u00f6glichen. Sammelt Daten \u00fcber Besuche des Nutzers, wie zum Beispiel welche Seiten von Relevanz sind.<\/td><\/tr><tr><td class=\"border-b p-3\"><strong>_gat_gtag_UA_65642365_1<\/strong><\/td><td class=\"border-b p-3\">Google<\/td><td class=\"border-b p-3\">1 Minute<\/td><td class=\"border-b p-3\">.zustellpartner.at<\/td><td class=\"border-b p-3\">Enth\u00e4lt Informationen um die Unterscheidung von Nutzern der Seite zu erm\u00f6glichen. Sammelt Daten \u00fcber Besuche des Nutzers, wie zum Beispiel welche Seiten von Relevanz sind.<\/td><\/tr><tr><td class=\"border-b p-3\"><strong>_gcl_au<\/strong><\/td><td class=\"border-b p-3\">Google AdSense<\/td><td class=\"border-b p-3\">1 Jahr<\/td><td class=\"border-b p-3\">.zustellpartner.at<\/td><td class=\"border-b p-3\">Wird von Google AdSense verwendet, um mit der Effizienz von Werbung auf Websites zu experimentieren, die ihre Dienste nutzen.<\/td><\/tr><tr><td class=\"border-b p-3\"><strong>_gid<\/strong><\/td><td class=\"border-b p-3\">Google<\/td><td class=\"border-b p-3\">1 Tag<\/td><td class=\"border-b p-3\">.zustellpartner.at<\/td><td class=\"border-b p-3\">Enth\u00e4lt Informationen um die Unterscheidung von Nutzern der Seite zu erm\u00f6glichen. Sammelt Daten \u00fcber Besuche des Nutzers, wie zum Beispiel welche Seiten von Relevanz sind.<\/td><\/tr><tr><td class=\"border-b p-3\"><strong>_fbp<\/strong><\/td><td class=\"border-b p-3\">Facebook<\/td><td class=\"border-b p-3\">3 Monate<\/td><td class=\"border-b p-3\">.zustellpartner.at<\/td><td class=\"border-b p-3\">Wird von Facebook verwendet, um mit der Effizienz von Werbung auf Websites, die ihre Dienste nutzen.<\/td><\/tr><\/tbody><\/table><\/div>\n<br><br>\n<h3 class=\"pb-2 text-3xl\">Google Analytics<\/h3><p class=\"mb-4\">Diese Website benutzt Google Analytics, einen Webanalysedienst der Google Inc. (\u201eGoogle\u201c). Google Analytics verwendet sog. \u201eCookies\u201c, Textdateien, die auf Ihrem Com-puter gespeichert werden und die eine Analyse der Benutzung der Website durch Sie er-m\u00f6glichen. Die durch das Cookie erzeugten Informationen \u00fcber Ihre Benutzung dieser Website werden in der Regel an einen Server von Google in den USA \u00fcbertragen und dort gespeichert. Im Falle der Aktivierung der IP-Anonymisierung auf dieser Webseite, wird Ihre IP-Adresse von Google jedoch innerhalb von Mitgliedstaaten der Europ\u00e4ischen Uni-on oder in anderen Vertragsstaaten des Abkommens \u00fcber den Europ\u00e4ischen Wirt-schaftsraum zuvor gek\u00fcrzt. Nur in Ausnahmef\u00e4llen wird die volle IP-Adresse an einen Server von Google in den USA \u00fcbertragen und dort gek\u00fcrzt. Im Auftrag des Betreibers dieser Website wird Google diese Informationen benutzen, um Ihre Nutzung der Web-site auszuwerten, um Reports \u00fcber die Websiteaktivit\u00e4ten zusammenzustellen und um weitere mit der Websitenutzung und der Internetnutzung verbundene Dienstleistungen gegen\u00fcber dem Websitebetreiber zu erbringen. Die im Rahmen von Google Analytics von Ihrem Browser \u00fcbermittelte IP-Adresse wird nicht mit anderen Daten von Google zu-sammengef\u00fchrt. Sie k\u00f6nnen die Speicherung der Cookies durch eine entsprechende Einstellung Ihrer Browser-Software verhindern; wir weisen Sie jedoch darauf hin, dass Sie in diesem Fall gegebenenfalls nicht s\u00e4mtliche Funktionen dieser Website vollum-f\u00e4nglich werden nutzen k\u00f6nnen. Sie k\u00f6nnen dar\u00fcber hinaus die Erfassung der durch das Cookie erzeugten und auf Ihre Nutzung der Website bezogenen Daten (inkl. Ihrer IP-Adresse) an Google sowie die Verarbeitung dieser Daten durch Google verhindern, in-dem sie das unter dem folgenden Link verf\u00fcgbare Browser-Plugin herunterladen und installieren: <a href=\"https:\/\/tools.google.com\/dlpage\/gaoptout\" target=\"_blank\" rel=\"noopener\">https:\/\/tools.google.com\/dlpage\/gaoptout<\/a>.<\/p>\n<br><br>\n<h3 class=\"pb-2 text-3xl\">2. Detailinformationen der von uns verarbeiteten Daten:<\/h3><p class=\"mb-4\">Zu den von uns verarbeiteten Daten geben wir Ihnen folgende, nach Verarbeitungst\u00e4tig-keiten getrennte, Informationen im Detail:<\/p><div class=\"mb-4 overflow-x-scroll rounded-lg border\"><table class=\"min-w-[1400px] table-auto text-left\"><thead><tr><th class=\"border-t border-b-2 p-3\" scope=\"col\">Nr<\/th><th class=\"border-t border-b-2 p-3\" scope=\"col\">Verarbeitungst\u00e4tigkeit<\/th><th class=\"border-t border-b-2 p-3\" scope=\"col\">Datenkategorien<\/th><th class=\"border-t border-b-2 p-3\" scope=\"col\">Verarbeitungszwecke<\/th><th class=\"border-t border-b-2 p-3\" scope=\"col\">Rechtsgrundlage<\/th><th class=\"border-t border-b-2 p-3\" scope=\"col\">Empf\u00e4nger(-kategorien<\/th><th class=\"border-t border-b-2 p-3\" scope=\"col\">Speicherdauer<\/th><\/tr><\/thead><tbody><tr><td class=\"border-b p-3\">1<\/td><td class=\"border-b p-3\">Lieferanten gewinnen (online)<\/td><td class=\"border-b p-3\">Personendaten (z.B. Vor- und Nachname) und Kontaktdaten (z.B. Anschrift, E-Mail, Telefonnummer)<\/td><td class=\"border-b p-3\">Information, Angebots\u00fcbermittlung<\/td><td class=\"border-b p-3\">Vertragserf\u00fcllung (Art 6 Abs 1 lit c DSGVO)<!-- --><br><br>Berechtigtes Interesse des Verantwortlichen an der Verf\u00fcgbarkeit der notwendigen Lieferanten<!-- --><\/td><td class=\"border-b p-3\">Verantwortlicher<!-- --><br> Mit dem Lieferantenmanagement beauftragte Unternehmen <!-- -->&gt;<!-- -->redmail Logistik &amp; Zustellservice GmbH <br><br> Mit IT-Leistungen beauftragte Unternehmen Mediaprint Zeitungs- und Zeitschriftenverlag Ges.m.b.H & CO KG<!-- --><\/td><td class=\"border-b p-3\">5 Jahr ab Erstanfrage<\/td><\/tr><tr><td class=\"border-b p-3\">2<\/td><td class=\"border-b p-3\">\u00dcbermittlung von Daten f\u00fcr statistische Zwecke und zur Analyse des Nutzerverhaltens<\/td><td class=\"border-b p-3\">IP-Adresse pseudonomysiert<\/td><td class=\"border-b p-3\">Analyse der Benutzung der Website durch ihre Benutzer<\/td><td class=\"border-b p-3\">Berechtigtes Interesse (Art 6 Abs 1 lit f DSGVO, ErwGr 48, \u00a7 96 Abs 3 TKG)<\/td><td class=\"border-b p-3\">Google analytics<\/td><td class=\"border-b p-3\">14 <!-- -->Monate<!-- --><\/td><\/tr><\/tbody><\/table><\/div>\n<br>\n<p class=\"mb-4\">Wenn wir Datenverarbeitungen auf der Grundlage eines berechtigten Interesses durchf\u00fchren, so handelt es sich dabei konkret um folgendes Interesse:<\/p><div class=\"mb-4 overflow-x-scroll rounded-lg border\"><table class=\"min-w-[1400px] table-auto text-left\"><thead><tr><th class=\"border-t border-b-2 p-3\" scope=\"col\">Nr (lt. obiger Tabelle)<\/th><th class=\"border-t border-b-2 p-3\" scope=\"col\">Berechtigtes Interesse<\/th><th class=\"border-t border-b-2 p-3\" scope=\"col\">Verantwortlicher\/Dritter<\/th><\/tr><\/thead><tbody><tr><td class=\"border-b p-3\">2<\/td><td class=\"border-b p-3\">Kundenbindung und Direktmarketing (ErwGr 47 DSGVO)<\/td><td class=\"border-b p-3\">Interesse des Verantwortlichen<\/td><\/tr><\/tbody><\/table><\/div>\n<br>\n<p class=\"mb-2\">Au\u00dferdem \u00fcbermitteln wir Ihre personenbezogenen Daten im erforderlichen Ausma\u00df an Gerichte, Beh\u00f6rden und sonstige \u00f6ffentliche Stellen (z.B. Gerichte, Finanzbeh\u00f6rden, Strafverfolgungsbeh\u00f6rden etc.) sowie an sonstige Dritte (z.B. Auskunftsverlangende) im erforderlichen Ausma\u00df, bei Vorliegen der gesetzlichen Voraussetzungen und nach strenger sorgf\u00e4ltiger Pr\u00fcfung.<\/p>\n<p class=\"mb-2\">Wir speichern Ihre Daten aus Vertragsverh\u00e4ltnissen, bei denen steuerliche Aufbewah-rungspflichten gelten, bis zum Ablauf von sieben Jahren gerechnet ab Ablauf des Jahres, in dem die letzte Rechnungslegung erfolgte bzw. auf das sich der aufzubewahrende Be-leg bezieht.<\/p>\n<p class=\"mb-2\">Bei Datenverarbeitungen zur Erf\u00fcllung rechtlicher Verpflichtungen speichern wir Ihre Daten bis zur Erf\u00fcllung der jeweiligen rechtlichen Verpflichtung und gegebenenfalls bis zum Abschluss eines daran ankn\u00fcpfenden Rechtsmittel-, Abhilfe- oder sonstigen Ver-fahrens sowie bis zum Ablauf Bezug habender Dokumentationspflichten.<\/p>\n\n<p class=\"mb-2\">Datenverarbeitungen, die wir aufgrund Ihrer Einwilligung durchf\u00fchren, werden wir um-gehend einstellen, wenn Sie diese Einwilligung uns gegen\u00fcber widerrufen. Dieses Recht steht Ihnen jederzeit zu und bitten wir Sie diesfalls um ein formloses E-Mail an daten-schutz@redmail.at. Alle bis zum Widerruf vorgenommenen Verarbeitungen und \u00dcbermittlungen bleiben aber weiterhin rechtm\u00e4\u00dfig.<\/p><p class=\"mb-2\">Weiters stehen Ihnen folgende Rechte zu: Sie k\u00f6nnen Auskunft \u00fcber die Verarbeitung Ihrer Daten verlangen (Art 15 DSGVO). Sie k\u00f6nnen die Berichtigung unrichtiger Daten ver-langen (Art 16 DSGVO). Sie k\u00f6nnen gegebenenfalls die L\u00f6schung Ihrer Daten verlangen (Art 17 DSGVO). Sie k\u00f6nnen gegebenenfalls die Einschr\u00e4nkung der Verarbeitung Ihrer Daten verlangen (Art 18 DSGVO). Sie k\u00f6nnen gegebenenfalls die \u00dcbertragung Ihrer Daten in einem g\u00e4ngigen Format verlangen, wenn Sie uns diese Daten bereitgestellt haben (Art 20 DSGVO). Sie k\u00f6nnen gegebenenfalls Widerspruch gegen die Verarbeitung Ihrer Daten erheben (Art 21 DSGVO). Schlie\u00dflich k\u00f6nnen Sie Beschwerde bei der Datenschutzbe-h\u00f6rde (Barichgasse 40-42, 1030 Wien, Telefon +43 1 52 152-0, E-Mail dsb@dsb.gv.at, Website https:\/\/www.dsb.gv.at\/) erheben.<\/p>\n\n<br><br>\n<p class=\"mb-2\">\nDiese Information stellt die zum Zeitpunkt 1.3.2025 und bis auf Widerruf geltende Infor-mation im Sinne des Art 13 DSGVO dar. Von Zeit zu Zeit werden wir allenfalls Anpassun-gen vornehmen. Die jeweils aktuelle Version finden Sie jederzeit auf dieser Homepage.<\/p><\/div>\n","protected":false},"excerpt":{"rendered":"<p>Datenschutzinformation Information gem\u00e4\u00df Art 13 DSGVO: Der Schutz Ihrer pers\u00f6nlichen Daten ist uns ein besonderes Anliegen. Wir verarbeiten Ihre personenbezogenen Daten daher ausschlie\u00dflich auf Grundlage der gesetzlichen Bestimmungen (EU-Datenschutzgrundverordnung, Datenschutzgesetz, Telekommuni-kationsgesetz 2021). Wir m\u00f6chten Sie in Entsprechung unserer gesetzlichen Verpflich-tung (Art 13 DSGVO) als Verantwortlicher der Datenverarbeitung daher \u00fcber die Verarbei-tung personenbezogener Daten informieren, die [&hellip;]<\/p>\n","protected":false},"author":8,"featured_media":0,"parent":0,"menu_order":0,"comment_status":"closed","ping_status":"closed","template":"","meta":{"_acf_changed":false,"footnotes":""},"class_list":["post-1047","page","type-page","status-publish","hentry"],"acf":[],"_links":{"self":[{"href":"https:\/\/www.zustellpartner.at\/ar\/wp-json\/wp\/v2\/pages\/1047","targetHints":{"allow":["GET"]}}],"collection":[{"href":"https:\/\/www.zustellpartner.at\/ar\/wp-json\/wp\/v2\/pages"}],"about":[{"href":"https:\/\/www.zustellpartner.at\/ar\/wp-json\/wp\/v2\/types\/page"}],"author":[{"embeddable":true,"href":"https:\/\/www.zustellpartner.at\/ar\/wp-json\/wp\/v2\/users\/8"}],"replies":[{"embeddable":true,"href":"https:\/\/www.zustellpartner.at\/ar\/wp-json\/wp\/v2\/comments?post=1047"}],"version-history":[{"count":5,"href":"https:\/\/www.zustellpartner.at\/ar\/wp-json\/wp\/v2\/pages\/1047\/revisions"}],"predecessor-version":[{"id":2174,"href":"https:\/\/www.zustellpartner.at\/ar\/wp-json\/wp\/v2\/pages\/1047\/revisions\/2174"}],"wp:attachment":[{"href":"https:\/\/www.zustellpartner.at\/ar\/wp-json\/wp\/v2\/media?parent=1047"}],"curies":[{"name":"wp","href":"https:\/\/api.w.org\/{rel}","templated":true}]}}